{"id":1884,"date":"2025-08-16T20:59:43","date_gmt":"2025-08-16T20:59:43","guid":{"rendered":"https:\/\/test.neoantiquestore.com\/odeme-ve-teslimat\/"},"modified":"2025-08-16T21:02:47","modified_gmt":"2025-08-16T21:02:47","slug":"odeme-ve-teslimat","status":"publish","type":"page","link":"https:\/\/test.neoantiquestore.com\/en\/odeme-ve-teslimat\/","title":{"rendered":"Payment and Delivery"},"content":{"rendered":"<p><strong><a href=\"https:\/\/test.neoantiquestore.com\/en\/odeme-ve-teslimat\/\">\u00d6DEME VE TESL\u0130MAT<\/a><\/strong><\/p>\n\n\n\n<p><strong>1.<\/strong>&nbsp;Banka Havalesi veya EFT (Elektronik Fon Transferi) yaparak Garanti Bankas\u0131 hesab\u0131m\u0131za \u00f6deme yapabilirsiniz.<\/p>\n\n\n\n<p><strong>2.<\/strong>&nbsp;Sitemiz \u00fczerinden kredi kartlar\u0131n\u0131z ile her t\u00fcrl\u00fc kredi kart\u0131n\u0131za online tek \u00f6deme ya da&nbsp;online taksit imk\u00e2nlar\u0131m\u0131zdan yararlanabilirsiniz.<\/p>\n\n\n\n<p>Online \u00f6demelerinizde sipari\u015finiz sonunda kredi kart\u0131n\u0131zdan tutar \u00e7ekim i\u015flemi ger\u00e7ekle\u015fecektir.<\/p>\n\n\n\n<p>Muhtemel sipari\u015f iptali veya stok sorunlar\u0131 nedeniyle sipari\u015f iptallerinde kredi kart\u0131n\u0131za para iadesi 3 i\u015f g\u00fcn\u00fc i\u00e7erisinde yap\u0131lacakt\u0131r.<\/p>\n\n\n\n<p><strong>3.&nbsp;Sipari\u015f Bedeli \u0130adesi&nbsp;<\/strong><\/p>\n\n\n\n<p>Sipari\u015flerinizin olas\u0131 sebeplerle iptali durumunda; Neo Antique \u00fc\u00e7 i\u015f g\u00fcn\u00fc i\u00e7erisinde \u00fcr\u00fcn bedelini hesab\u0131n\u0131za ve\/veya kredi kart\u0131n\u0131za iade eder. Ancak, banka hesap bilgilerinizi ve\/veya kredi kart\u0131 bilgilerinizi do\u011fru ve eksiksiz olarak \u015firketimiz finans yetkililerine bildirmeniz gerekmektedir.&nbsp;<\/p>\n\n\n\n<p><strong>4.&nbsp;Teslimat&nbsp;<\/strong><\/p>\n\n\n\n<p>Sipari\u015f etmi\u015f oldu\u011funuz \u00fcr\u00fcnleri 48 saat i\u00e7inde kargoya teslim etmeye gayret ediyoruz.&nbsp;Gecikmesi muhtemel teslimat durumunda size bilgi verilecektir.&nbsp;<\/p>\n\n\n\n<p>\u00dcr\u00fcn teslimat\u0131n\u0131n aksamadan ger\u00e7ekle\u015ftirilebilmesi i\u00e7in l\u00fctfen g\u00fcn i\u00e7inde bulundu\u011funuz yerin adresini teslimat adresi olarak bildiriniz.&nbsp;<\/p>\n\n\n\n<p>Talepleriniz sipari\u015f sonunda belirlemi\u015f oldu\u011funuz teslimat tipine g\u00f6re haz\u0131rlanmak \u00fczere i\u015fleme al\u0131nacakt\u0131r. Ankara&nbsp;merkezli \u015firketimizden \u00fcr\u00fcnler Yurti\u00e7i&nbsp;Kargo firmas\u0131yla g\u00f6nderilecektir.<\/p>\n\n\n\n<p>Sipari\u015fleriniz onayland\u0131ktan sonra en ge\u00e7 2&nbsp;(iki) i\u015f g\u00fcn\u00fc sonunda Yurti\u00e7i Kargo&nbsp;firmas\u0131na teslim edilir.&nbsp;<\/p>\n\n\n\n<p>\u015eirketimiz ile ileti\u015fime ge\u00e7erek&nbsp;diledi\u011finiz farkl\u0131&nbsp;teslimat \u015fartlar\u0131 hakk\u0131nda&nbsp;g\u00f6r\u00fc\u015febilirsiniz.&nbsp;<\/p>\n\n\n\n<p><strong>5.&nbsp;\u00d6deme Takibi&nbsp;<\/strong><\/p>\n\n\n\n<p>S\u00f6z konusu sistem herhangi bir sorun nedeni ile i\u015flemi ger\u00e7ekle\u015ftiremiyorsa \u00f6deme sayfas\u0131 sonucunda ziyaret\u00e7imiz bu durumdan haberdar edilmektedir.&nbsp;<\/p>\n\n\n\n<p>Belirtilen adreste herhangi bir hata durumunda teslimat\u0131 ger\u00e7ekle\u015femeyen sipari\u015f ile ilgili olarak sipari\u015fi veren ile ba\u011flant\u0131 kurulmaktad\u0131r.<\/p>\n\n\n\n<p>Ziyaret\u00e7imiz taraf\u0131ndan belirtilen e-posta adresinin ge\u00e7erlili\u011fi sipari\u015fin aktar\u0131lmas\u0131n\u0131 takiben g\u00f6nderilen otomatik e-posta ile teyit edilmektedir.&nbsp;<\/p>\n\n\n\n<p>Teslimat\u0131n ger\u00e7ekle\u015fmesi konusunda m\u00fc\u015fteri kadar kredi kart\u0131 sistemini kulland\u0131\u011f\u0131m\u0131z bankaya kar\u015f\u0131 da sorumlulu\u011fumuz s\u00f6z konusudur.&nbsp;<\/p>\n\n\n\n<p><strong>-L\u00fctfen dikkat ediniz!<\/strong><\/p>\n\n\n\n<p>Sevkiyat s\u0131ras\u0131nda zarar g\u00f6rd\u00fc\u011f\u00fcn\u00fc d\u00fc\u015f\u00fcnd\u00fc\u011f\u00fcn\u00fcz paketleri, teslim ald\u0131\u011f\u0131n\u0131z firma yetkilisi \u00f6n\u00fcnde a\u00e7\u0131p kontrol ediniz. E\u011fer \u00fcr\u00fcnde herhangi bir zarar oldu\u011funu d\u00fc\u015f\u00fcn\u00fcyorsan\u0131z kargo firmas\u0131na tutanak tutturularak \u00fcr\u00fcn\u00fc teslim almay\u0131n\u0131z.&nbsp;<\/p>\n\n\n\n<p>\u00dcr\u00fcn teslim al\u0131nd\u0131ktan sonra kargo firmas\u0131n\u0131n g\u00f6revini tam olarak yerine getirdi\u011fi kabul edilmektedir.&nbsp;<\/p>\n\n\n\n<p>\u00dcr\u00fcn hasarl\u0131 ise: Haz\u0131rlam\u0131\u015f oldu\u011funuz tutana\u011f\u0131 en k\u0131sa zamanda&nbsp;neoantiquee@gmail.com&nbsp;mail adresine bildiriniz.&nbsp;<\/p>\n\n\n\n<p>Bu i\u015flemleri ger\u00e7ekle\u015ftirdi\u011finiz takdirde paketinizle ilgili \u00e7al\u0131\u015fmalara ba\u015flayarak, en k\u0131sa zamanda teslimat\u0131n tekrarlanmas\u0131n\u0131 sa\u011flayaca\u011f\u0131z.<\/p>\n\n\n\n<p>Bu e-posta i\u00e7inde \u00fcr\u00fcn\u00fc neden iade etmek istedi\u011finizi k\u0131saca a\u00e7\u0131klarsan\u0131z \u00fcr\u00fcn ile ilgili \u00e7al\u0131\u015fmalar\u0131m\u0131zda bize yard\u0131mc\u0131 olmu\u015f olursunuz.<\/p>\n\n\n\n<p><\/p>","protected":false},"excerpt":{"rendered":"<p>\u00d6DEME VE TESL\u0130MAT 1.&nbsp;Banka Havalesi veya EFT (Elektronik Fon Transferi) yaparak Garanti Bankas\u0131 hesab\u0131m\u0131za \u00f6deme yapabilirsiniz. 2.&nbsp;Sitemiz \u00fczerinden kredi kartlar\u0131n\u0131z ile her t\u00fcrl\u00fc kredi kart\u0131n\u0131za online tek \u00f6deme ya da&nbsp;online taksit imk\u00e2nlar\u0131m\u0131zdan yararlanabilirsiniz. Online \u00f6demelerinizde sipari\u015finiz sonunda kredi kart\u0131n\u0131zdan tutar \u00e7ekim i\u015flemi ger\u00e7ekle\u015fecektir. Muhtemel sipari\u015f iptali veya stok sorunlar\u0131 nedeniyle sipari\u015f iptallerinde kredi kart\u0131n\u0131za para [&hellip;]<\/p>","protected":false},"author":1,"featured_media":0,"parent":0,"menu_order":0,"comment_status":"closed","ping_status":"closed","template":"","meta":{"_acf_changed":false,"_uag_custom_page_level_css":"","site-sidebar-layout":"default","site-content-layout":"","ast-site-content-layout":"default","site-content-style":"default","site-sidebar-style":"default","ast-global-header-display":"","ast-banner-title-visibility":"","ast-main-header-display":"","ast-hfb-above-header-display":"","ast-hfb-below-header-display":"","ast-hfb-mobile-header-display":"","site-post-title":"","ast-breadcrumbs-content":"","ast-featured-img":"","footer-sml-layout":"","theme-transparent-header-meta":"","adv-header-id-meta":"","stick-header-meta":"","header-above-stick-meta":"","header-main-stick-meta":"","header-below-stick-meta":"","astra-migrate-meta-layouts":"set","ast-page-background-enabled":"default","ast-page-background-meta":{"desktop":{"background-color":"","background-image":"","background-repeat":"repeat","background-position":"center center","background-size":"auto","background-attachment":"scroll","background-type":"","background-media":"","overlay-type":"","overlay-color":"","overlay-opacity":"","overlay-gradient":""},"tablet":{"background-color":"","background-image":"","background-repeat":"repeat","background-position":"center center","background-size":"auto","background-attachment":"scroll","background-type":"","background-media":"","overlay-type":"","overlay-color":"","overlay-opacity":"","overlay-gradient":""},"mobile":{"background-color":"","background-image":"","background-repeat":"repeat","background-position":"center center","background-size":"auto","background-attachment":"scroll","background-type":"","background-media":"","overlay-type":"","overlay-color":"","overlay-opacity":"","overlay-gradient":""}},"ast-content-background-meta":{"desktop":{"background-color":"var(--ast-global-color-5)","background-image":"","background-repeat":"repeat","background-position":"center center","background-size":"auto","background-attachment":"scroll","background-type":"","background-media":"","overlay-type":"","overlay-color":"","overlay-opacity":"","overlay-gradient":""},"tablet":{"background-color":"var(--ast-global-color-5)","background-image":"","background-repeat":"repeat","background-position":"center center","background-size":"auto","background-attachment":"scroll","background-type":"","background-media":"","overlay-type":"","overlay-color":"","overlay-opacity":"","overlay-gradient":""},"mobile":{"background-color":"var(--ast-global-color-5)","background-image":"","background-repeat":"repeat","background-position":"center center","background-size":"auto","background-attachment":"scroll","background-type":"","background-media":"","overlay-type":"","overlay-color":"","overlay-opacity":"","overlay-gradient":""}},"footnotes":""},"class_list":["post-1884","page","type-page","status-publish","hentry"],"acf":[],"uagb_featured_image_src":{"full":false,"thumbnail":false,"medium":false,"medium_large":false,"large":false,"1536x1536":false,"2048x2048":false,"trp-custom-language-flag":false,"woocommerce_thumbnail":false,"woocommerce_single":false,"woocommerce_gallery_thumbnail":false},"uagb_author_info":{"display_name":"batu kale","author_link":"https:\/\/test.neoantiquestore.com\/en\/author\/hamidiyefulyagmail-com\/"},"uagb_comment_info":0,"uagb_excerpt":"\u00d6DEME VE TESL\u0130MAT 1.&nbsp;Banka Havalesi veya EFT (Elektronik Fon Transferi) yaparak Garanti Bankas\u0131 hesab\u0131m\u0131za \u00f6deme yapabilirsiniz. 2.&nbsp;Sitemiz \u00fczerinden kredi kartlar\u0131n\u0131z ile her t\u00fcrl\u00fc kredi kart\u0131n\u0131za online tek \u00f6deme ya da&nbsp;online taksit imk\u00e2nlar\u0131m\u0131zdan yararlanabilirsiniz. Online \u00f6demelerinizde sipari\u015finiz sonunda kredi kart\u0131n\u0131zdan tutar \u00e7ekim i\u015flemi ger\u00e7ekle\u015fecektir. Muhtemel sipari\u015f iptali veya stok sorunlar\u0131 nedeniyle sipari\u015f iptallerinde kredi kart\u0131n\u0131za para&hellip;","jetpack_sharing_enabled":true,"_links":{"self":[{"href":"https:\/\/test.neoantiquestore.com\/en\/wp-json\/wp\/v2\/pages\/1884","targetHints":{"allow":["GET"]}}],"collection":[{"href":"https:\/\/test.neoantiquestore.com\/en\/wp-json\/wp\/v2\/pages"}],"about":[{"href":"https:\/\/test.neoantiquestore.com\/en\/wp-json\/wp\/v2\/types\/page"}],"author":[{"embeddable":true,"href":"https:\/\/test.neoantiquestore.com\/en\/wp-json\/wp\/v2\/users\/1"}],"replies":[{"embeddable":true,"href":"https:\/\/test.neoantiquestore.com\/en\/wp-json\/wp\/v2\/comments?post=1884"}],"version-history":[{"count":1,"href":"https:\/\/test.neoantiquestore.com\/en\/wp-json\/wp\/v2\/pages\/1884\/revisions"}],"predecessor-version":[{"id":1886,"href":"https:\/\/test.neoantiquestore.com\/en\/wp-json\/wp\/v2\/pages\/1884\/revisions\/1886"}],"wp:attachment":[{"href":"https:\/\/test.neoantiquestore.com\/en\/wp-json\/wp\/v2\/media?parent=1884"}],"curies":[{"name":"wp","href":"https:\/\/api.w.org\/{rel}","templated":true}]}}