{"id":2120,"date":"2025-08-18T20:51:57","date_gmt":"2025-08-18T20:51:57","guid":{"rendered":"https:\/\/test.neoantiquestore.com\/?post_type=product&#038;p=2120"},"modified":"2025-08-24T16:38:30","modified_gmt":"2025-08-24T16:38:30","slug":"japon-ardalt-moriage-fincan","status":"publish","type":"product","link":"https:\/\/test.neoantiquestore.com\/en\/product\/japon-ardalt-moriage-fincan\/","title":{"rendered":"Japon Ardalt Moriage Fincan"},"content":{"rendered":"<p>Zarif Japon Ardalt Moriage i\u015f\u00e7ili\u011finin se\u00e7kin bir \u00f6rne\u011fi olan bu fincan , kahverengi \/ bordo zemin \u00fczerine moriage tekni\u011fiyle uygulanm\u0131\u015f kabartma \u00e7i\u00e7ek motifleriyle s\u00fcslenmi\u015ftir. \u0130nce detaylar ve \u00fc\u00e7 boyutlu desenler, el yap\u0131m\u0131 ustal\u0131\u011f\u0131n e\u015fsiz bir yans\u0131mas\u0131d\u0131r.<\/p>\n<p>\u2728 D\u00f6nem: 20. y\u00fczy\u0131l ortalar\u0131<br \/>\n\ud83c\udf0f Men\u015fei: Japonya, Ardalt<br \/>\n\ud83c\udfa8 Teknik: Moriage (kabartma kil bulamac\u0131 s\u00fcsleme), el boyama<br \/>\n\ud83d\udccf \u00d6l\u00e7\u00fcler:<br \/>\n\u2022 Fincan a\u011f\u0131z \u00e7ap\u0131: 9,5 cm<br \/>\n\u2022 Fincan y\u00fcksekli\u011fi: 4,7 cm<br \/>\n\u2022 Tabak \u00e7ap\u0131: 13,5 cm<\/p>\n<p>\u2139\ufe0f Teknik Detay: Moriage, geleneksel bir Japon porselen s\u00fcsleme tekni\u011fidir. \u201cSlip\u201d ad\u0131 verilen, incecik \u00f6\u011f\u00fct\u00fclm\u00fc\u015f kilin su ile kar\u0131\u015ft\u0131r\u0131lmas\u0131yla elde edilen ak\u0131\u015fkan kil bulamac\u0131, ince u\u00e7lu aletlerle y\u00fczeye uygulanarak kabartma desenler olu\u015fturulur.<\/p>","protected":false},"excerpt":{"rendered":"<p>Zarif Japon Ardalt Moriage i\u015f\u00e7ili\u011finin se\u00e7kin bir \u00f6rne\u011fi olan bu fincan , kahverengi \/ bordo zemin \u00fczerine moriage tekni\u011fiyle uygulanm\u0131\u015f kabartma \u00e7i\u00e7ek motifleriyle s\u00fcslenmi\u015ftir. \u0130nce detaylar ve \u00fc\u00e7 boyutlu desenler, el yap\u0131m\u0131 ustal\u0131\u011f\u0131n e\u015fsiz bir yans\u0131mas\u0131d\u0131r. \u2728 D\u00f6nem: 20. y\u00fczy\u0131l ortalar\u0131 \ud83c\udf0f Men\u015fei: Japonya, Ardalt \ud83c\udfa8 Teknik: Moriage (kabartma kil bulamac\u0131 s\u00fcsleme), el boyama \ud83d\udccf [&hellip;]<\/p>","protected":false},"featured_media":2112,"comment_status":"open","ping_status":"closed","template":"","meta":{"_acf_changed":false,"_uag_custom_page_level_css":"","site-sidebar-layout":"default","site-content-layout":"","ast-site-content-layout":"default","site-content-style":"default","site-sidebar-style":"default","ast-global-header-display":"","ast-banner-title-visibility":"","ast-main-header-display":"","ast-hfb-above-header-display":"","ast-hfb-below-header-display":"","ast-hfb-mobile-header-display":"","site-post-title":"","ast-breadcrumbs-content":"","ast-featured-img":"","footer-sml-layout":"","theme-transparent-header-meta":"default","adv-header-id-meta":"","stick-header-meta":"","header-above-stick-meta":"","header-main-stick-meta":"","header-below-stick-meta":"","astra-migrate-meta-layouts":"set","ast-page-background-enabled":"default","ast-page-background-meta":{"desktop":{"background-color":"","background-image":"","background-repeat":"repeat","background-position":"center center","background-size":"auto","background-attachment":"scroll","background-type":"","background-media":"","overlay-type":"","overlay-color":"","overlay-opacity":"","overlay-gradient":""},"tablet":{"background-color":"","background-image":"","background-repeat":"repeat","background-position":"center center","background-size":"auto","background-attachment":"scroll","background-type":"","background-media":"","overlay-type":"","overlay-color":"","overlay-opacity":"","overlay-gradient":""},"mobile":{"background-color":"","background-image":"","background-repeat":"repeat","background-position":"center center","background-size":"auto","background-attachment":"scroll","background-type":"","background-media":"","overlay-type":"","overlay-color":"","overlay-opacity":"","overlay-gradient":""}},"ast-content-background-meta":{"desktop":{"background-color":"var(--ast-global-color-5)","background-image":"","background-repeat":"repeat","background-position":"center center","background-size":"auto","background-attachment":"scroll","background-type":"","background-media":"","overlay-type":"","overlay-color":"","overlay-opacity":"","overlay-gradient":""},"tablet":{"background-color":"var(--ast-global-color-5)","background-image":"","background-repeat":"repeat","background-position":"center center","background-size":"auto","background-attachment":"scroll","background-type":"","background-media":"","overlay-type":"","overlay-color":"","overlay-opacity":"","overlay-gradient":""},"mobile":{"background-color":"var(--ast-global-color-5)","background-image":"","background-repeat":"repeat","background-position":"center center","background-size":"auto","background-attachment":"scroll","background-type":"","background-media":"","overlay-type":"","overlay-color":"","overlay-opacity":"","overlay-gradient":""}}},"product_brand":[53],"product_cat":[36],"product_tag":[],"class_list":{"0":"post-2120","1":"product","2":"type-product","3":"status-publish","4":"has-post-thumbnail","6":"product_brand-ardalt-japan","7":"product_cat-koleksiyonluk-fincanlar","8":"desktop-align-left","9":"tablet-align-left","10":"mobile-align-left","12":"first","13":"outofstock","14":"taxable","15":"shipping-taxable","16":"purchasable","17":"product-type-simple"},"acf":[],"uagb_featured_image_src":{"full":["https:\/\/test.neoantiquestore.com\/wp-content\/uploads\/2025\/08\/neoantiquestore-orta-grid-kopyasi-kopyasi-kopyasi-kopyasi-kopyasi-kopyasi-kopyasi-kopyasi.zip-4-2.png",1600,2000,false],"thumbnail":["https:\/\/test.neoantiquestore.com\/wp-content\/uploads\/2025\/08\/neoantiquestore-orta-grid-kopyasi-kopyasi-kopyasi-kopyasi-kopyasi-kopyasi-kopyasi-kopyasi.zip-4-2-150x150.png",150,150,true],"medium":["https:\/\/test.neoantiquestore.com\/wp-content\/uploads\/2025\/08\/neoantiquestore-orta-grid-kopyasi-kopyasi-kopyasi-kopyasi-kopyasi-kopyasi-kopyasi-kopyasi.zip-4-2-240x300.png",240,300,true],"medium_large":["https:\/\/test.neoantiquestore.com\/wp-content\/uploads\/2025\/08\/neoantiquestore-orta-grid-kopyasi-kopyasi-kopyasi-kopyasi-kopyasi-kopyasi-kopyasi-kopyasi.zip-4-2-768x960.png",768,960,true],"large":["https:\/\/test.neoantiquestore.com\/wp-content\/uploads\/2025\/08\/neoantiquestore-orta-grid-kopyasi-kopyasi-kopyasi-kopyasi-kopyasi-kopyasi-kopyasi-kopyasi.zip-4-2-819x1024.png",819,1024,true],"1536x1536":["https:\/\/test.neoantiquestore.com\/wp-content\/uploads\/2025\/08\/neoantiquestore-orta-grid-kopyasi-kopyasi-kopyasi-kopyasi-kopyasi-kopyasi-kopyasi-kopyasi.zip-4-2-1229x1536.png",1229,1536,true],"2048x2048":["https:\/\/test.neoantiquestore.com\/wp-content\/uploads\/2025\/08\/neoantiquestore-orta-grid-kopyasi-kopyasi-kopyasi-kopyasi-kopyasi-kopyasi-kopyasi-kopyasi.zip-4-2.png",1600,2000,false],"trp-custom-language-flag":["https:\/\/test.neoantiquestore.com\/wp-content\/uploads\/2025\/08\/neoantiquestore-orta-grid-kopyasi-kopyasi-kopyasi-kopyasi-kopyasi-kopyasi-kopyasi-kopyasi.zip-4-2.png",10,12,false],"woocommerce_thumbnail":["https:\/\/test.neoantiquestore.com\/wp-content\/uploads\/2025\/08\/neoantiquestore-orta-grid-kopyasi-kopyasi-kopyasi-kopyasi-kopyasi-kopyasi-kopyasi-kopyasi.zip-4-2-300x300.png",300,300,true],"woocommerce_single":["https:\/\/test.neoantiquestore.com\/wp-content\/uploads\/2025\/08\/neoantiquestore-orta-grid-kopyasi-kopyasi-kopyasi-kopyasi-kopyasi-kopyasi-kopyasi-kopyasi.zip-4-2-600x750.png",600,750,true],"woocommerce_gallery_thumbnail":["https:\/\/test.neoantiquestore.com\/wp-content\/uploads\/2025\/08\/neoantiquestore-orta-grid-kopyasi-kopyasi-kopyasi-kopyasi-kopyasi-kopyasi-kopyasi-kopyasi.zip-4-2-100x100.png",100,100,true]},"uagb_author_info":{"display_name":"batu kale","author_link":"https:\/\/test.neoantiquestore.com\/en\/author\/"},"uagb_comment_info":0,"uagb_excerpt":"Zarif Japon Ardalt Moriage i\u015f\u00e7ili\u011finin se\u00e7kin bir \u00f6rne\u011fi olan bu fincan , kahverengi \/ bordo zemin \u00fczerine moriage tekni\u011fiyle uygulanm\u0131\u015f kabartma \u00e7i\u00e7ek motifleriyle s\u00fcslenmi\u015ftir. \u0130nce detaylar ve \u00fc\u00e7 boyutlu desenler, el yap\u0131m\u0131 ustal\u0131\u011f\u0131n e\u015fsiz bir yans\u0131mas\u0131d\u0131r. \u2728 D\u00f6nem: 20. y\u00fczy\u0131l ortalar\u0131 \ud83c\udf0f Men\u015fei: Japonya, Ardalt \ud83c\udfa8 Teknik: Moriage (kabartma kil bulamac\u0131 s\u00fcsleme), el boyama \ud83d\udccf&hellip;","jetpack_sharing_enabled":true,"_links":{"self":[{"href":"https:\/\/test.neoantiquestore.com\/en\/wp-json\/wp\/v2\/product\/2120","targetHints":{"allow":["GET"]}}],"collection":[{"href":"https:\/\/test.neoantiquestore.com\/en\/wp-json\/wp\/v2\/product"}],"about":[{"href":"https:\/\/test.neoantiquestore.com\/en\/wp-json\/wp\/v2\/types\/product"}],"replies":[{"embeddable":true,"href":"https:\/\/test.neoantiquestore.com\/en\/wp-json\/wp\/v2\/comments?post=2120"}],"wp:featuredmedia":[{"embeddable":true,"href":"https:\/\/test.neoantiquestore.com\/en\/wp-json\/wp\/v2\/media\/2112"}],"wp:attachment":[{"href":"https:\/\/test.neoantiquestore.com\/en\/wp-json\/wp\/v2\/media?parent=2120"}],"wp:term":[{"taxonomy":"product_brand","embeddable":true,"href":"https:\/\/test.neoantiquestore.com\/en\/wp-json\/wp\/v2\/product_brand?post=2120"},{"taxonomy":"product_cat","embeddable":true,"href":"https:\/\/test.neoantiquestore.com\/en\/wp-json\/wp\/v2\/product_cat?post=2120"},{"taxonomy":"product_tag","embeddable":true,"href":"https:\/\/test.neoantiquestore.com\/en\/wp-json\/wp\/v2\/product_tag?post=2120"}],"curies":[{"name":"wp","href":"https:\/\/api.w.org\/{rel}","templated":true}]}}