{"id":2133,"date":"2025-08-18T22:18:01","date_gmt":"2025-08-18T22:18:01","guid":{"rendered":"https:\/\/test.neoantiquestore.com\/?post_type=product&#038;p=2133"},"modified":"2025-08-26T22:47:57","modified_gmt":"2025-08-26T22:47:57","slug":"prusya-cikolata-boy-fincan","status":"publish","type":"product","link":"https:\/\/test.neoantiquestore.com\/en\/product\/prusya-cikolata-boy-fincan\/","title":{"rendered":"Prusya \u00c7ikolata Boy Fincan"},"content":{"rendered":"<p>Ge\u00e7mi\u015fin zarafetini yans\u0131tan nadide bir par\u00e7a\u2026<br \/>\n19. y\u00fczy\u0131l sonlar\u0131na tarihlenen, i\u00e7i ve d\u0131\u015f\u0131 tamamen el boyamas\u0131 bu Prussia \u00e7ikolata boy fincan, pastel tonlarda zarif \u00e7i\u00e7ek motifleri ve yald\u0131zl\u0131 detaylarla s\u00fcslenmi\u015f. Y\u00fcksek ve ince formu, onu zarif bir \u00e7ikolata sunumu i\u00e7in ideal k\u0131l\u0131yor.<\/p>\n<p>Almanya\u2019n\u0131n Prusya b\u00f6lgesinde \u00fcretilen Prussia porselenleri, \u00f6zellikle zarif formlar\u0131, ince i\u015f\u00e7ilikleri ve pastel tonlardaki el boyamalar\u0131yla tan\u0131n\u0131r.<\/p>\n<p>\u2800<br \/>\n\u2728 Ger\u00e7ek sanat porselende hayat buluyor.<br \/>\n\ud83d\udce9 Fiyat ve detayl\u0131 bilgi i\u00e7in DM \u00fczerinden ula\u015fabilirsiniz.<br \/>\n\u2800<br \/>\nMen\u015fei: Prussia (Almanya)<br \/>\nD\u00f6nem: 19. y\u00fczy\u0131l sonu<br \/>\nMalzeme: Porselen, el boyama, yald\u0131z detayl\u0131<br \/>\nForm: \u00c7ikolata boy fincan<br \/>\nDurum: \u00c7ok iyi antika kondisyon<\/p>","protected":false},"excerpt":{"rendered":"<p>Ge\u00e7mi\u015fin zarafetini yans\u0131tan nadide bir par\u00e7a\u2026 19. y\u00fczy\u0131l sonlar\u0131na tarihlenen, i\u00e7i ve d\u0131\u015f\u0131 tamamen el boyamas\u0131 bu Prussia \u00e7ikolata boy fincan, pastel tonlarda zarif \u00e7i\u00e7ek motifleri ve yald\u0131zl\u0131 detaylarla s\u00fcslenmi\u015f. Y\u00fcksek ve ince formu, onu zarif bir \u00e7ikolata sunumu i\u00e7in ideal k\u0131l\u0131yor. Almanya\u2019n\u0131n Prusya b\u00f6lgesinde \u00fcretilen Prussia porselenleri, \u00f6zellikle zarif formlar\u0131, ince i\u015f\u00e7ilikleri ve pastel [&hellip;]<\/p>","protected":false},"featured_media":2082,"comment_status":"open","ping_status":"closed","template":"","meta":{"_acf_changed":false,"_uag_custom_page_level_css":"","site-sidebar-layout":"default","site-content-layout":"","ast-site-content-layout":"default","site-content-style":"default","site-sidebar-style":"default","ast-global-header-display":"","ast-banner-title-visibility":"","ast-main-header-display":"","ast-hfb-above-header-display":"","ast-hfb-below-header-display":"","ast-hfb-mobile-header-display":"","site-post-title":"","ast-breadcrumbs-content":"","ast-featured-img":"","footer-sml-layout":"","theme-transparent-header-meta":"default","adv-header-id-meta":"","stick-header-meta":"","header-above-stick-meta":"","header-main-stick-meta":"","header-below-stick-meta":"","astra-migrate-meta-layouts":"set","ast-page-background-enabled":"default","ast-page-background-meta":{"desktop":{"background-color":"","background-image":"","background-repeat":"repeat","background-position":"center center","background-size":"auto","background-attachment":"scroll","background-type":"","background-media":"","overlay-type":"","overlay-color":"","overlay-opacity":"","overlay-gradient":""},"tablet":{"background-color":"","background-image":"","background-repeat":"repeat","background-position":"center center","background-size":"auto","background-attachment":"scroll","background-type":"","background-media":"","overlay-type":"","overlay-color":"","overlay-opacity":"","overlay-gradient":""},"mobile":{"background-color":"","background-image":"","background-repeat":"repeat","background-position":"center center","background-size":"auto","background-attachment":"scroll","background-type":"","background-media":"","overlay-type":"","overlay-color":"","overlay-opacity":"","overlay-gradient":""}},"ast-content-background-meta":{"desktop":{"background-color":"var(--ast-global-color-5)","background-image":"","background-repeat":"repeat","background-position":"center center","background-size":"auto","background-attachment":"scroll","background-type":"","background-media":"","overlay-type":"","overlay-color":"","overlay-opacity":"","overlay-gradient":""},"tablet":{"background-color":"var(--ast-global-color-5)","background-image":"","background-repeat":"repeat","background-position":"center center","background-size":"auto","background-attachment":"scroll","background-type":"","background-media":"","overlay-type":"","overlay-color":"","overlay-opacity":"","overlay-gradient":""},"mobile":{"background-color":"var(--ast-global-color-5)","background-image":"","background-repeat":"repeat","background-position":"center center","background-size":"auto","background-attachment":"scroll","background-type":"","background-media":"","overlay-type":"","overlay-color":"","overlay-opacity":"","overlay-gradient":""}}},"product_brand":[57],"product_cat":[36],"product_tag":[],"class_list":{"0":"post-2133","1":"product","2":"type-product","3":"status-publish","4":"has-post-thumbnail","6":"product_brand-prusya","7":"product_cat-koleksiyonluk-fincanlar","8":"product_shipping_class-fincan","9":"desktop-align-left","10":"tablet-align-left","11":"mobile-align-left","13":"first","14":"instock","15":"taxable","16":"shipping-taxable","17":"purchasable","18":"product-type-simple"},"acf":[],"uagb_featured_image_src":{"full":["https:\/\/test.neoantiquestore.com\/wp-content\/uploads\/2025\/08\/9cb7210c-f551-4848-b327-da3262fc8f26.jpg",1440,1799,false],"thumbnail":["https:\/\/test.neoantiquestore.com\/wp-content\/uploads\/2025\/08\/9cb7210c-f551-4848-b327-da3262fc8f26-150x150.jpg",150,150,true],"medium":["https:\/\/test.neoantiquestore.com\/wp-content\/uploads\/2025\/08\/9cb7210c-f551-4848-b327-da3262fc8f26-240x300.jpg",240,300,true],"medium_large":["https:\/\/test.neoantiquestore.com\/wp-content\/uploads\/2025\/08\/9cb7210c-f551-4848-b327-da3262fc8f26-768x959.jpg",768,959,true],"large":["https:\/\/test.neoantiquestore.com\/wp-content\/uploads\/2025\/08\/9cb7210c-f551-4848-b327-da3262fc8f26-820x1024.jpg",820,1024,true],"1536x1536":["https:\/\/test.neoantiquestore.com\/wp-content\/uploads\/2025\/08\/9cb7210c-f551-4848-b327-da3262fc8f26-1229x1536.jpg",1229,1536,true],"2048x2048":["https:\/\/test.neoantiquestore.com\/wp-content\/uploads\/2025\/08\/9cb7210c-f551-4848-b327-da3262fc8f26.jpg",1440,1799,false],"trp-custom-language-flag":["https:\/\/test.neoantiquestore.com\/wp-content\/uploads\/2025\/08\/9cb7210c-f551-4848-b327-da3262fc8f26.jpg",10,12,false],"woocommerce_thumbnail":["https:\/\/test.neoantiquestore.com\/wp-content\/uploads\/2025\/08\/9cb7210c-f551-4848-b327-da3262fc8f26-300x300.jpg",300,300,true],"woocommerce_single":["https:\/\/test.neoantiquestore.com\/wp-content\/uploads\/2025\/08\/9cb7210c-f551-4848-b327-da3262fc8f26-600x750.jpg",600,750,true],"woocommerce_gallery_thumbnail":["https:\/\/test.neoantiquestore.com\/wp-content\/uploads\/2025\/08\/9cb7210c-f551-4848-b327-da3262fc8f26-100x100.jpg",100,100,true]},"uagb_author_info":{"display_name":"batu kale","author_link":"https:\/\/test.neoantiquestore.com\/en\/author\/"},"uagb_comment_info":0,"uagb_excerpt":"Ge\u00e7mi\u015fin zarafetini yans\u0131tan nadide bir par\u00e7a\u2026 19. y\u00fczy\u0131l sonlar\u0131na tarihlenen, i\u00e7i ve d\u0131\u015f\u0131 tamamen el boyamas\u0131 bu Prussia \u00e7ikolata boy fincan, pastel tonlarda zarif \u00e7i\u00e7ek motifleri ve yald\u0131zl\u0131 detaylarla s\u00fcslenmi\u015f. Y\u00fcksek ve ince formu, onu zarif bir \u00e7ikolata sunumu i\u00e7in ideal k\u0131l\u0131yor. Almanya\u2019n\u0131n Prusya b\u00f6lgesinde \u00fcretilen Prussia porselenleri, \u00f6zellikle zarif formlar\u0131, ince i\u015f\u00e7ilikleri ve pastel&hellip;","jetpack_sharing_enabled":true,"_links":{"self":[{"href":"https:\/\/test.neoantiquestore.com\/en\/wp-json\/wp\/v2\/product\/2133","targetHints":{"allow":["GET"]}}],"collection":[{"href":"https:\/\/test.neoantiquestore.com\/en\/wp-json\/wp\/v2\/product"}],"about":[{"href":"https:\/\/test.neoantiquestore.com\/en\/wp-json\/wp\/v2\/types\/product"}],"replies":[{"embeddable":true,"href":"https:\/\/test.neoantiquestore.com\/en\/wp-json\/wp\/v2\/comments?post=2133"}],"wp:featuredmedia":[{"embeddable":true,"href":"https:\/\/test.neoantiquestore.com\/en\/wp-json\/wp\/v2\/media\/2082"}],"wp:attachment":[{"href":"https:\/\/test.neoantiquestore.com\/en\/wp-json\/wp\/v2\/media?parent=2133"}],"wp:term":[{"taxonomy":"product_brand","embeddable":true,"href":"https:\/\/test.neoantiquestore.com\/en\/wp-json\/wp\/v2\/product_brand?post=2133"},{"taxonomy":"product_cat","embeddable":true,"href":"https:\/\/test.neoantiquestore.com\/en\/wp-json\/wp\/v2\/product_cat?post=2133"},{"taxonomy":"product_tag","embeddable":true,"href":"https:\/\/test.neoantiquestore.com\/en\/wp-json\/wp\/v2\/product_tag?post=2133"}],"curies":[{"name":"wp","href":"https:\/\/api.w.org\/{rel}","templated":true}]}}