{"id":2484,"date":"2025-09-22T18:09:50","date_gmt":"2025-09-22T18:09:50","guid":{"rendered":"https:\/\/test.neoantiquestore.com\/?post_type=product&#038;p=2484"},"modified":"2025-09-29T08:34:20","modified_gmt":"2025-09-29T08:34:20","slug":"pembe-porselen-kahve-fincan-seti-85-ml-primavera-collection-by-chiara-alessi","status":"publish","type":"product","link":"https:\/\/test.neoantiquestore.com\/en\/product\/pembe-porselen-kahve-fincan-seti-85-ml-primavera-collection-by-chiara-alessi\/","title":{"rendered":"Pembe Porselen Kahve Fincan Seti 85 Ml Primavera Collection by Chiara Alessi"},"content":{"rendered":"<p>A\u011f\u0131z k\u0131sm\u0131 dilimli tasar\u0131m\u0131, \u00e7i\u00e7ek ve kelebek desenleriyle klasik zarafeti modern bir dokunu\u015fla bulu\u015fturuyor. Hem g\u00fcnl\u00fck kahve keyfinize \u015f\u0131kl\u0131k kat\u0131yor hem de hediye i\u00e7in muhte\u015fem bir alternatif.<\/p>\n<p>\ud83d\udccc Detaylar:<br \/>\n\u2022 T\u00fcr: T\u00fcrk kahve fincan\u0131 seti (ikili)<br \/>\n\u2022 Koleksiyon: Primavera Collection \u2013 Yeni Form (dilimli a\u011f\u0131z)<br \/>\n\u2022 \u0130\u00e7erik: 2 adet fincan + 2 adet tabak + \u00f6zel tasar\u0131m kutu<br \/>\n\u2022 Fiyat: 1.999 TL (ikili set fiyat\u0131d\u0131r)<\/p>\n<p>\ud83c\udf81 Not: \u015e\u0131k kutusu ile direkt arma\u011fan edilebilir.<\/p>","protected":false},"excerpt":{"rendered":"<p>A\u011f\u0131z k\u0131sm\u0131 dilimli tasar\u0131m\u0131, \u00e7i\u00e7ek ve kelebek desenleriyle klasik zarafeti modern bir dokunu\u015fla bulu\u015fturuyor. Hem g\u00fcnl\u00fck kahve keyfinize \u015f\u0131kl\u0131k kat\u0131yor hem de hediye i\u00e7in muhte\u015fem bir alternatif. \ud83d\udccc Detaylar: \u2022 T\u00fcr: T\u00fcrk kahve fincan\u0131 seti (ikili) \u2022 Koleksiyon: Primavera Collection \u2013 Yeni Form (dilimli a\u011f\u0131z) \u2022 \u0130\u00e7erik: 2 adet fincan + 2 adet tabak + [&hellip;]<\/p>","protected":false},"featured_media":2475,"comment_status":"open","ping_status":"closed","template":"","meta":{"_acf_changed":false,"_uag_custom_page_level_css":"","site-sidebar-layout":"default","site-content-layout":"","ast-site-content-layout":"default","site-content-style":"default","site-sidebar-style":"default","ast-global-header-display":"","ast-banner-title-visibility":"","ast-main-header-display":"","ast-hfb-above-header-display":"","ast-hfb-below-header-display":"","ast-hfb-mobile-header-display":"","site-post-title":"","ast-breadcrumbs-content":"","ast-featured-img":"","footer-sml-layout":"","theme-transparent-header-meta":"default","adv-header-id-meta":"","stick-header-meta":"","header-above-stick-meta":"","header-main-stick-meta":"","header-below-stick-meta":"","astra-migrate-meta-layouts":"set","ast-page-background-enabled":"default","ast-page-background-meta":{"desktop":{"background-color":"","background-image":"","background-repeat":"repeat","background-position":"center center","background-size":"auto","background-attachment":"scroll","background-type":"","background-media":"","overlay-type":"","overlay-color":"","overlay-opacity":"","overlay-gradient":""},"tablet":{"background-color":"","background-image":"","background-repeat":"repeat","background-position":"center center","background-size":"auto","background-attachment":"scroll","background-type":"","background-media":"","overlay-type":"","overlay-color":"","overlay-opacity":"","overlay-gradient":""},"mobile":{"background-color":"","background-image":"","background-repeat":"repeat","background-position":"center center","background-size":"auto","background-attachment":"scroll","background-type":"","background-media":"","overlay-type":"","overlay-color":"","overlay-opacity":"","overlay-gradient":""}},"ast-content-background-meta":{"desktop":{"background-color":"var(--ast-global-color-5)","background-image":"","background-repeat":"repeat","background-position":"center center","background-size":"auto","background-attachment":"scroll","background-type":"","background-media":"","overlay-type":"","overlay-color":"","overlay-opacity":"","overlay-gradient":""},"tablet":{"background-color":"var(--ast-global-color-5)","background-image":"","background-repeat":"repeat","background-position":"center center","background-size":"auto","background-attachment":"scroll","background-type":"","background-media":"","overlay-type":"","overlay-color":"","overlay-opacity":"","overlay-gradient":""},"mobile":{"background-color":"var(--ast-global-color-5)","background-image":"","background-repeat":"repeat","background-position":"center center","background-size":"auto","background-attachment":"scroll","background-type":"","background-media":"","overlay-type":"","overlay-color":"","overlay-opacity":"","overlay-gradient":""}}},"product_brand":[80],"product_cat":[81],"product_tag":[],"class_list":{"0":"post-2484","1":"product","2":"type-product","3":"status-publish","4":"has-post-thumbnail","6":"product_brand-chiara-alessi","7":"product_cat-chiara-alessi-fincanlar","8":"product_shipping_class-fincan","9":"desktop-align-left","10":"tablet-align-left","11":"mobile-align-left","13":"first","14":"outofstock","15":"taxable","16":"shipping-taxable","17":"purchasable","18":"product-type-simple"},"acf":[],"uagb_featured_image_src":{"full":["https:\/\/test.neoantiquestore.com\/wp-content\/uploads\/2025\/09\/img_1235.jpg",1290,1278,false],"thumbnail":["https:\/\/test.neoantiquestore.com\/wp-content\/uploads\/2025\/09\/img_1235-150x150.jpg",150,150,true],"medium":["https:\/\/test.neoantiquestore.com\/wp-content\/uploads\/2025\/09\/img_1235-300x297.jpg",300,297,true],"medium_large":["https:\/\/test.neoantiquestore.com\/wp-content\/uploads\/2025\/09\/img_1235-768x761.jpg",768,761,true],"large":["https:\/\/test.neoantiquestore.com\/wp-content\/uploads\/2025\/09\/img_1235-1024x1014.jpg",1024,1014,true],"1536x1536":["https:\/\/test.neoantiquestore.com\/wp-content\/uploads\/2025\/09\/img_1235.jpg",1290,1278,false],"2048x2048":["https:\/\/test.neoantiquestore.com\/wp-content\/uploads\/2025\/09\/img_1235.jpg",1290,1278,false],"trp-custom-language-flag":["https:\/\/test.neoantiquestore.com\/wp-content\/uploads\/2025\/09\/img_1235-12x12.jpg",12,12,true],"woocommerce_thumbnail":["https:\/\/test.neoantiquestore.com\/wp-content\/uploads\/2025\/09\/img_1235-300x300.jpg",300,300,true],"woocommerce_single":["https:\/\/test.neoantiquestore.com\/wp-content\/uploads\/2025\/09\/img_1235-600x594.jpg",600,594,true],"woocommerce_gallery_thumbnail":["https:\/\/test.neoantiquestore.com\/wp-content\/uploads\/2025\/09\/img_1235-100x100.jpg",100,100,true]},"uagb_author_info":{"display_name":"batu kale","author_link":"https:\/\/test.neoantiquestore.com\/en\/author\/"},"uagb_comment_info":0,"uagb_excerpt":"A\u011f\u0131z k\u0131sm\u0131 dilimli tasar\u0131m\u0131, \u00e7i\u00e7ek ve kelebek desenleriyle klasik zarafeti modern bir dokunu\u015fla bulu\u015fturuyor. Hem g\u00fcnl\u00fck kahve keyfinize \u015f\u0131kl\u0131k kat\u0131yor hem de hediye i\u00e7in muhte\u015fem bir alternatif. \ud83d\udccc Detaylar: \u2022 T\u00fcr: T\u00fcrk kahve fincan\u0131 seti (ikili) \u2022 Koleksiyon: Primavera Collection \u2013 Yeni Form (dilimli a\u011f\u0131z) \u2022 \u0130\u00e7erik: 2 adet fincan + 2 adet tabak +&hellip;","jetpack_sharing_enabled":true,"_links":{"self":[{"href":"https:\/\/test.neoantiquestore.com\/en\/wp-json\/wp\/v2\/product\/2484","targetHints":{"allow":["GET"]}}],"collection":[{"href":"https:\/\/test.neoantiquestore.com\/en\/wp-json\/wp\/v2\/product"}],"about":[{"href":"https:\/\/test.neoantiquestore.com\/en\/wp-json\/wp\/v2\/types\/product"}],"replies":[{"embeddable":true,"href":"https:\/\/test.neoantiquestore.com\/en\/wp-json\/wp\/v2\/comments?post=2484"}],"wp:featuredmedia":[{"embeddable":true,"href":"https:\/\/test.neoantiquestore.com\/en\/wp-json\/wp\/v2\/media\/2475"}],"wp:attachment":[{"href":"https:\/\/test.neoantiquestore.com\/en\/wp-json\/wp\/v2\/media?parent=2484"}],"wp:term":[{"taxonomy":"product_brand","embeddable":true,"href":"https:\/\/test.neoantiquestore.com\/en\/wp-json\/wp\/v2\/product_brand?post=2484"},{"taxonomy":"product_cat","embeddable":true,"href":"https:\/\/test.neoantiquestore.com\/en\/wp-json\/wp\/v2\/product_cat?post=2484"},{"taxonomy":"product_tag","embeddable":true,"href":"https:\/\/test.neoantiquestore.com\/en\/wp-json\/wp\/v2\/product_tag?post=2484"}],"curies":[{"name":"wp","href":"https:\/\/api.w.org\/{rel}","templated":true}]}}