{"id":2862,"date":"2025-10-05T21:42:24","date_gmt":"2025-10-05T21:42:24","guid":{"rendered":"https:\/\/test.neoantiquestore.com\/?post_type=product&#038;p=2862"},"modified":"2025-10-05T21:42:24","modified_gmt":"2025-10-05T21:42:24","slug":"yesil-porselen-kahve-fincani-125-ml-love-birds-collection-by-pip-studio","status":"publish","type":"product","link":"https:\/\/test.neoantiquestore.com\/en\/product\/yesil-porselen-kahve-fincani-125-ml-love-birds-collection-by-pip-studio\/","title":{"rendered":"Ye\u015fil Porselen Kahve Fincan\u0131 125 Ml Love Birds Collection by Pip Studio"},"content":{"rendered":"<p>\u0130kramlar\u0131n yan\u0131nda olmazsa olmaz kahvelerin servis edildi\u011fi kahve fincanlar\u0131, Pip Studio Love Birds serisi ile yeni bir anlam kazan\u0131yor. Ye\u015fil madalyon desenli ku\u015flu porselen kahve fincan\u0131 ile i\u00e7ece\u011finiz daha keyifli ve lezzetli bir hale geliyor. Keyifli sohbetlerinizi daha keyifli bir zamana \u00e7evirmek i\u00e7in tercih edece\u011finiz Pip Studio kahve fincan\u0131 ile fark\u0131n\u0131z\u0131 ortaya koyun. \u00c7izilmeyen dokusu ile y\u0131llarca size kahve zevkini en \u00fcst noktalara ta\u015f\u0131yacak olan Pip Studio kahve fincan\u0131 modelleri Love Birds tasar\u0131mlar\u0131n\u0131n l\u00fcks ve dinamik havas\u0131n\u0131 yans\u0131t\u0131yor. Her g\u00fcn\u00fcn\u00fcz\u00fc \u00f6zelle\u015ftirmeyi ba\u015faran Pip Studio Love Birds porselen ye\u015fil madalyon desenli ku\u015flu kahve fincan\u0131 en sevdi\u011finiz anlara tan\u0131kl\u0131k etmeye ve sizi mutlu etmeye yeter.<\/p>\n<p>Hacim: 125 ml<\/p>\n<p>Porselen<\/p>\n<p>Elde y\u0131kanmas\u0131 \u00f6nerilmektedir.<\/p>\n<p>Fiyat 1 adet i\u00e7in ge\u00e7erlidir.<\/p>","protected":false},"excerpt":{"rendered":"<p>\u0130kramlar\u0131n yan\u0131nda olmazsa olmaz kahvelerin servis edildi\u011fi kahve fincanlar\u0131, Pip Studio Love Birds serisi ile yeni bir anlam kazan\u0131yor. Ye\u015fil madalyon desenli ku\u015flu porselen kahve fincan\u0131 ile i\u00e7ece\u011finiz daha keyifli ve lezzetli bir hale geliyor. Keyifli sohbetlerinizi daha keyifli bir zamana \u00e7evirmek i\u00e7in tercih edece\u011finiz Pip Studio kahve fincan\u0131 ile fark\u0131n\u0131z\u0131 ortaya koyun. \u00c7izilmeyen dokusu [&hellip;]<\/p>","protected":false},"featured_media":2863,"comment_status":"open","ping_status":"closed","template":"","meta":{"_acf_changed":false,"_uag_custom_page_level_css":"","site-sidebar-layout":"default","site-content-layout":"","ast-site-content-layout":"default","site-content-style":"default","site-sidebar-style":"default","ast-global-header-display":"","ast-banner-title-visibility":"","ast-main-header-display":"","ast-hfb-above-header-display":"","ast-hfb-below-header-display":"","ast-hfb-mobile-header-display":"","site-post-title":"","ast-breadcrumbs-content":"","ast-featured-img":"","footer-sml-layout":"","theme-transparent-header-meta":"default","adv-header-id-meta":"","stick-header-meta":"","header-above-stick-meta":"","header-main-stick-meta":"","header-below-stick-meta":"","astra-migrate-meta-layouts":"set","ast-page-background-enabled":"default","ast-page-background-meta":{"desktop":{"background-color":"","background-image":"","background-repeat":"repeat","background-position":"center center","background-size":"auto","background-attachment":"scroll","background-type":"","background-media":"","overlay-type":"","overlay-color":"","overlay-opacity":"","overlay-gradient":""},"tablet":{"background-color":"","background-image":"","background-repeat":"repeat","background-position":"center center","background-size":"auto","background-attachment":"scroll","background-type":"","background-media":"","overlay-type":"","overlay-color":"","overlay-opacity":"","overlay-gradient":""},"mobile":{"background-color":"","background-image":"","background-repeat":"repeat","background-position":"center center","background-size":"auto","background-attachment":"scroll","background-type":"","background-media":"","overlay-type":"","overlay-color":"","overlay-opacity":"","overlay-gradient":""}},"ast-content-background-meta":{"desktop":{"background-color":"var(--ast-global-color-5)","background-image":"","background-repeat":"repeat","background-position":"center center","background-size":"auto","background-attachment":"scroll","background-type":"","background-media":"","overlay-type":"","overlay-color":"","overlay-opacity":"","overlay-gradient":""},"tablet":{"background-color":"var(--ast-global-color-5)","background-image":"","background-repeat":"repeat","background-position":"center center","background-size":"auto","background-attachment":"scroll","background-type":"","background-media":"","overlay-type":"","overlay-color":"","overlay-opacity":"","overlay-gradient":""},"mobile":{"background-color":"var(--ast-global-color-5)","background-image":"","background-repeat":"repeat","background-position":"center center","background-size":"auto","background-attachment":"scroll","background-type":"","background-media":"","overlay-type":"","overlay-color":"","overlay-opacity":"","overlay-gradient":""}}},"product_brand":[92,79],"product_cat":[15],"product_tag":[],"class_list":{"0":"post-2862","1":"product","2":"type-product","3":"status-publish","4":"has-post-thumbnail","6":"product_brand-love-birds","7":"product_brand-pip-studio","8":"product_cat-uncatogorized","9":"product_shipping_class-fincan","10":"desktop-align-left","11":"tablet-align-left","12":"mobile-align-left","14":"first","15":"instock","16":"taxable","17":"shipping-taxable","18":"purchasable","19":"product-type-simple"},"acf":[],"uagb_featured_image_src":{"full":["https:\/\/test.neoantiquestore.com\/wp-content\/uploads\/2025\/10\/51004210_01.webp",600,600,false],"thumbnail":["https:\/\/test.neoantiquestore.com\/wp-content\/uploads\/2025\/10\/51004210_01-150x150.webp",150,150,true],"medium":["https:\/\/test.neoantiquestore.com\/wp-content\/uploads\/2025\/10\/51004210_01-300x300.webp",300,300,true],"medium_large":["https:\/\/test.neoantiquestore.com\/wp-content\/uploads\/2025\/10\/51004210_01.webp",600,600,false],"large":["https:\/\/test.neoantiquestore.com\/wp-content\/uploads\/2025\/10\/51004210_01.webp",600,600,false],"1536x1536":["https:\/\/test.neoantiquestore.com\/wp-content\/uploads\/2025\/10\/51004210_01.webp",600,600,false],"2048x2048":["https:\/\/test.neoantiquestore.com\/wp-content\/uploads\/2025\/10\/51004210_01.webp",600,600,false],"trp-custom-language-flag":["https:\/\/test.neoantiquestore.com\/wp-content\/uploads\/2025\/10\/51004210_01-12x12.webp",12,12,true],"woocommerce_thumbnail":["https:\/\/test.neoantiquestore.com\/wp-content\/uploads\/2025\/10\/51004210_01-300x300.webp",300,300,true],"woocommerce_single":["https:\/\/test.neoantiquestore.com\/wp-content\/uploads\/2025\/10\/51004210_01.webp",600,600,false],"woocommerce_gallery_thumbnail":["https:\/\/test.neoantiquestore.com\/wp-content\/uploads\/2025\/10\/51004210_01-100x100.webp",100,100,true]},"uagb_author_info":{"display_name":"batu kale","author_link":"https:\/\/test.neoantiquestore.com\/en\/author\/"},"uagb_comment_info":0,"uagb_excerpt":"\u0130kramlar\u0131n yan\u0131nda olmazsa olmaz kahvelerin servis edildi\u011fi kahve fincanlar\u0131, Pip Studio Love Birds serisi ile yeni bir anlam kazan\u0131yor. Ye\u015fil madalyon desenli ku\u015flu porselen kahve fincan\u0131 ile i\u00e7ece\u011finiz daha keyifli ve lezzetli bir hale geliyor. Keyifli sohbetlerinizi daha keyifli bir zamana \u00e7evirmek i\u00e7in tercih edece\u011finiz Pip Studio kahve fincan\u0131 ile fark\u0131n\u0131z\u0131 ortaya koyun. \u00c7izilmeyen dokusu&hellip;","jetpack_sharing_enabled":true,"_links":{"self":[{"href":"https:\/\/test.neoantiquestore.com\/en\/wp-json\/wp\/v2\/product\/2862","targetHints":{"allow":["GET"]}}],"collection":[{"href":"https:\/\/test.neoantiquestore.com\/en\/wp-json\/wp\/v2\/product"}],"about":[{"href":"https:\/\/test.neoantiquestore.com\/en\/wp-json\/wp\/v2\/types\/product"}],"replies":[{"embeddable":true,"href":"https:\/\/test.neoantiquestore.com\/en\/wp-json\/wp\/v2\/comments?post=2862"}],"wp:featuredmedia":[{"embeddable":true,"href":"https:\/\/test.neoantiquestore.com\/en\/wp-json\/wp\/v2\/media\/2863"}],"wp:attachment":[{"href":"https:\/\/test.neoantiquestore.com\/en\/wp-json\/wp\/v2\/media?parent=2862"}],"wp:term":[{"taxonomy":"product_brand","embeddable":true,"href":"https:\/\/test.neoantiquestore.com\/en\/wp-json\/wp\/v2\/product_brand?post=2862"},{"taxonomy":"product_cat","embeddable":true,"href":"https:\/\/test.neoantiquestore.com\/en\/wp-json\/wp\/v2\/product_cat?post=2862"},{"taxonomy":"product_tag","embeddable":true,"href":"https:\/\/test.neoantiquestore.com\/en\/wp-json\/wp\/v2\/product_tag?post=2862"}],"curies":[{"name":"wp","href":"https:\/\/api.w.org\/{rel}","templated":true}]}}