{"id":2880,"date":"2025-10-05T21:56:56","date_gmt":"2025-10-05T21:56:56","guid":{"rendered":"https:\/\/test.neoantiquestore.com\/?post_type=product&#038;p=2880"},"modified":"2025-10-05T21:56:56","modified_gmt":"2025-10-05T21:56:56","slug":"kirmizi-porselen-kahvalti-tabagi-21-cm-love-birds-collection-by-pip-studio","status":"publish","type":"product","link":"https:\/\/test.neoantiquestore.com\/en\/product\/kirmizi-porselen-kahvalti-tabagi-21-cm-love-birds-collection-by-pip-studio\/","title":{"rendered":"K\u0131rm\u0131z\u0131 Porselen Kahvalt\u0131 Taba\u011f\u0131 21 Cm Love Birds Collection by Pip Studio"},"content":{"rendered":"<p>Love Birds serisinin l\u00fcks ve dinamik tabaklar\u0131n\u0131 unutulmayacak anlara d\u00e2hil edin. Her modelin tasar\u0131m hik\u00e2yesi \u00f6zenle olu\u015fturulup \u00fcretilen ye\u015fil ku\u015f desenli tabaklar, g\u00f6rd\u00fc\u011f\u00fcn\u00fcz an hayran kalaca\u011f\u0131n\u0131z t\u00fcrden zarafete sahip. Porselenin kendine has \u00e7izilmeye dayan\u0131kl\u0131 dokusu ile Love Birds Collection\u2019\u0131n kusursuz \u00e7izgisinin birle\u015fiminden do\u011fan g\u00f6z al\u0131c\u0131 tasar\u0131mlar sofralar\u0131n\u0131za benzersizli\u011fi getiriyor.<\/p>\n<p>\u00c7ap: 21 cm<\/p>\n<p>Porselen<\/p>\n<p>Elde y\u0131kanmas\u0131 \u00f6nerilmektedir.<\/p>\n<p>Fiyat 1 adet i\u00e7in ge\u00e7erlidir.<\/p>","protected":false},"excerpt":{"rendered":"<p>Love Birds serisinin l\u00fcks ve dinamik tabaklar\u0131n\u0131 unutulmayacak anlara d\u00e2hil edin. Her modelin tasar\u0131m hik\u00e2yesi \u00f6zenle olu\u015fturulup \u00fcretilen ye\u015fil ku\u015f desenli tabaklar, g\u00f6rd\u00fc\u011f\u00fcn\u00fcz an hayran kalaca\u011f\u0131n\u0131z t\u00fcrden zarafete sahip. Porselenin kendine has \u00e7izilmeye dayan\u0131kl\u0131 dokusu ile Love Birds Collection\u2019\u0131n kusursuz \u00e7izgisinin birle\u015fiminden do\u011fan g\u00f6z al\u0131c\u0131 tasar\u0131mlar sofralar\u0131n\u0131za benzersizli\u011fi getiriyor. \u00c7ap: 21 cm Porselen Elde y\u0131kanmas\u0131 [&hellip;]<\/p>","protected":false},"featured_media":2881,"comment_status":"open","ping_status":"closed","template":"","meta":{"_acf_changed":false,"_uag_custom_page_level_css":"","site-sidebar-layout":"default","site-content-layout":"","ast-site-content-layout":"default","site-content-style":"default","site-sidebar-style":"default","ast-global-header-display":"","ast-banner-title-visibility":"","ast-main-header-display":"","ast-hfb-above-header-display":"","ast-hfb-below-header-display":"","ast-hfb-mobile-header-display":"","site-post-title":"","ast-breadcrumbs-content":"","ast-featured-img":"","footer-sml-layout":"","theme-transparent-header-meta":"default","adv-header-id-meta":"","stick-header-meta":"","header-above-stick-meta":"","header-main-stick-meta":"","header-below-stick-meta":"","astra-migrate-meta-layouts":"set","ast-page-background-enabled":"default","ast-page-background-meta":{"desktop":{"background-color":"","background-image":"","background-repeat":"repeat","background-position":"center center","background-size":"auto","background-attachment":"scroll","background-type":"","background-media":"","overlay-type":"","overlay-color":"","overlay-opacity":"","overlay-gradient":""},"tablet":{"background-color":"","background-image":"","background-repeat":"repeat","background-position":"center center","background-size":"auto","background-attachment":"scroll","background-type":"","background-media":"","overlay-type":"","overlay-color":"","overlay-opacity":"","overlay-gradient":""},"mobile":{"background-color":"","background-image":"","background-repeat":"repeat","background-position":"center center","background-size":"auto","background-attachment":"scroll","background-type":"","background-media":"","overlay-type":"","overlay-color":"","overlay-opacity":"","overlay-gradient":""}},"ast-content-background-meta":{"desktop":{"background-color":"var(--ast-global-color-5)","background-image":"","background-repeat":"repeat","background-position":"center center","background-size":"auto","background-attachment":"scroll","background-type":"","background-media":"","overlay-type":"","overlay-color":"","overlay-opacity":"","overlay-gradient":""},"tablet":{"background-color":"var(--ast-global-color-5)","background-image":"","background-repeat":"repeat","background-position":"center center","background-size":"auto","background-attachment":"scroll","background-type":"","background-media":"","overlay-type":"","overlay-color":"","overlay-opacity":"","overlay-gradient":""},"mobile":{"background-color":"var(--ast-global-color-5)","background-image":"","background-repeat":"repeat","background-position":"center center","background-size":"auto","background-attachment":"scroll","background-type":"","background-media":"","overlay-type":"","overlay-color":"","overlay-opacity":"","overlay-gradient":""}}},"product_brand":[92,79],"product_cat":[15],"product_tag":[],"class_list":{"0":"post-2880","1":"product","2":"type-product","3":"status-publish","4":"has-post-thumbnail","6":"product_brand-love-birds","7":"product_brand-pip-studio","8":"product_cat-uncatogorized","9":"product_shipping_class-tabak","10":"desktop-align-left","11":"tablet-align-left","12":"mobile-align-left","14":"first","15":"instock","16":"taxable","17":"shipping-taxable","18":"purchasable","19":"product-type-simple"},"acf":[],"uagb_featured_image_src":{"full":["https:\/\/test.neoantiquestore.com\/wp-content\/uploads\/2025\/10\/51001025_01.webp",600,600,false],"thumbnail":["https:\/\/test.neoantiquestore.com\/wp-content\/uploads\/2025\/10\/51001025_01-150x150.webp",150,150,true],"medium":["https:\/\/test.neoantiquestore.com\/wp-content\/uploads\/2025\/10\/51001025_01-300x300.webp",300,300,true],"medium_large":["https:\/\/test.neoantiquestore.com\/wp-content\/uploads\/2025\/10\/51001025_01.webp",600,600,false],"large":["https:\/\/test.neoantiquestore.com\/wp-content\/uploads\/2025\/10\/51001025_01.webp",600,600,false],"1536x1536":["https:\/\/test.neoantiquestore.com\/wp-content\/uploads\/2025\/10\/51001025_01.webp",600,600,false],"2048x2048":["https:\/\/test.neoantiquestore.com\/wp-content\/uploads\/2025\/10\/51001025_01.webp",600,600,false],"trp-custom-language-flag":["https:\/\/test.neoantiquestore.com\/wp-content\/uploads\/2025\/10\/51001025_01-12x12.webp",12,12,true],"woocommerce_thumbnail":["https:\/\/test.neoantiquestore.com\/wp-content\/uploads\/2025\/10\/51001025_01-300x300.webp",300,300,true],"woocommerce_single":["https:\/\/test.neoantiquestore.com\/wp-content\/uploads\/2025\/10\/51001025_01.webp",600,600,false],"woocommerce_gallery_thumbnail":["https:\/\/test.neoantiquestore.com\/wp-content\/uploads\/2025\/10\/51001025_01-100x100.webp",100,100,true]},"uagb_author_info":{"display_name":"batu kale","author_link":"https:\/\/test.neoantiquestore.com\/en\/author\/"},"uagb_comment_info":0,"uagb_excerpt":"Love Birds serisinin l\u00fcks ve dinamik tabaklar\u0131n\u0131 unutulmayacak anlara d\u00e2hil edin. Her modelin tasar\u0131m hik\u00e2yesi \u00f6zenle olu\u015fturulup \u00fcretilen ye\u015fil ku\u015f desenli tabaklar, g\u00f6rd\u00fc\u011f\u00fcn\u00fcz an hayran kalaca\u011f\u0131n\u0131z t\u00fcrden zarafete sahip. Porselenin kendine has \u00e7izilmeye dayan\u0131kl\u0131 dokusu ile Love Birds Collection\u2019\u0131n kusursuz \u00e7izgisinin birle\u015fiminden do\u011fan g\u00f6z al\u0131c\u0131 tasar\u0131mlar sofralar\u0131n\u0131za benzersizli\u011fi getiriyor. \u00c7ap: 21 cm Porselen Elde y\u0131kanmas\u0131&hellip;","jetpack_sharing_enabled":true,"_links":{"self":[{"href":"https:\/\/test.neoantiquestore.com\/en\/wp-json\/wp\/v2\/product\/2880","targetHints":{"allow":["GET"]}}],"collection":[{"href":"https:\/\/test.neoantiquestore.com\/en\/wp-json\/wp\/v2\/product"}],"about":[{"href":"https:\/\/test.neoantiquestore.com\/en\/wp-json\/wp\/v2\/types\/product"}],"replies":[{"embeddable":true,"href":"https:\/\/test.neoantiquestore.com\/en\/wp-json\/wp\/v2\/comments?post=2880"}],"wp:featuredmedia":[{"embeddable":true,"href":"https:\/\/test.neoantiquestore.com\/en\/wp-json\/wp\/v2\/media\/2881"}],"wp:attachment":[{"href":"https:\/\/test.neoantiquestore.com\/en\/wp-json\/wp\/v2\/media?parent=2880"}],"wp:term":[{"taxonomy":"product_brand","embeddable":true,"href":"https:\/\/test.neoantiquestore.com\/en\/wp-json\/wp\/v2\/product_brand?post=2880"},{"taxonomy":"product_cat","embeddable":true,"href":"https:\/\/test.neoantiquestore.com\/en\/wp-json\/wp\/v2\/product_cat?post=2880"},{"taxonomy":"product_tag","embeddable":true,"href":"https:\/\/test.neoantiquestore.com\/en\/wp-json\/wp\/v2\/product_tag?post=2880"}],"curies":[{"name":"wp","href":"https:\/\/api.w.org\/{rel}","templated":true}]}}