{"id":2893,"date":"2025-10-06T08:40:02","date_gmt":"2025-10-06T08:40:02","guid":{"rendered":"https:\/\/test.neoantiquestore.com\/?post_type=product&#038;p=2893"},"modified":"2025-10-06T15:11:12","modified_gmt":"2025-10-06T15:11:12","slug":"mavi-melamin-kahvalti-tabagi-215-cm-capri-collection-limon-buketi-by-chiara-alessi","status":"publish","type":"product","link":"https:\/\/test.neoantiquestore.com\/en\/product\/mavi-melamin-kahvalti-tabagi-215-cm-capri-collection-limon-buketi-by-chiara-alessi\/","title":{"rendered":"Mavi Melamin Kahvalt\u0131 Taba\u011f\u0131 21,5 Cm Capri Collection Limon Buketi by Chiara Alessi"},"content":{"rendered":"<p>Chiara Alessi Capri limon buketi mavi melamin kahvalt\u0131 taba\u011f\u0131 uzun s\u00fcreli kullan\u0131m i\u00e7in tasarlanm\u0131\u015f, k\u0131r\u0131lmaya ve \u00e7izilmeye kar\u015f\u0131 ekstra dayan\u0131kl\u0131d\u0131r ve BPA i\u00e7ermez.<\/p>\n<p>\u00c7ap: 21,5 cm<\/p>\n<p>Melamin<\/p>\n<p>Bula\u015f\u0131k makinesinde y\u0131kanmas\u0131 uygundur.<\/p>\n<p>Fiyat 1 adet i\u00e7in ge\u00e7erlidir.<\/p>","protected":false},"excerpt":{"rendered":"<p>Chiara Alessi Capri limon buketi mavi melamin kahvalt\u0131 taba\u011f\u0131 uzun s\u00fcreli kullan\u0131m i\u00e7in tasarlanm\u0131\u015f, k\u0131r\u0131lmaya ve \u00e7izilmeye kar\u015f\u0131 ekstra dayan\u0131kl\u0131d\u0131r ve BPA i\u00e7ermez. \u00c7ap: 21,5 cm Melamin Bula\u015f\u0131k makinesinde y\u0131kanmas\u0131 uygundur. Fiyat 1 adet i\u00e7in ge\u00e7erlidir.<\/p>","protected":false},"featured_media":2894,"comment_status":"open","ping_status":"closed","template":"","meta":{"_acf_changed":false,"_uag_custom_page_level_css":"","site-sidebar-layout":"default","site-content-layout":"","ast-site-content-layout":"default","site-content-style":"default","site-sidebar-style":"default","ast-global-header-display":"","ast-banner-title-visibility":"","ast-main-header-display":"","ast-hfb-above-header-display":"","ast-hfb-below-header-display":"","ast-hfb-mobile-header-display":"","site-post-title":"","ast-breadcrumbs-content":"","ast-featured-img":"","footer-sml-layout":"","theme-transparent-header-meta":"default","adv-header-id-meta":"","stick-header-meta":"","header-above-stick-meta":"","header-main-stick-meta":"","header-below-stick-meta":"","astra-migrate-meta-layouts":"set","ast-page-background-enabled":"default","ast-page-background-meta":{"desktop":{"background-color":"","background-image":"","background-repeat":"repeat","background-position":"center center","background-size":"auto","background-attachment":"scroll","background-type":"","background-media":"","overlay-type":"","overlay-color":"","overlay-opacity":"","overlay-gradient":""},"tablet":{"background-color":"","background-image":"","background-repeat":"repeat","background-position":"center center","background-size":"auto","background-attachment":"scroll","background-type":"","background-media":"","overlay-type":"","overlay-color":"","overlay-opacity":"","overlay-gradient":""},"mobile":{"background-color":"","background-image":"","background-repeat":"repeat","background-position":"center center","background-size":"auto","background-attachment":"scroll","background-type":"","background-media":"","overlay-type":"","overlay-color":"","overlay-opacity":"","overlay-gradient":""}},"ast-content-background-meta":{"desktop":{"background-color":"var(--ast-global-color-5)","background-image":"","background-repeat":"repeat","background-position":"center center","background-size":"auto","background-attachment":"scroll","background-type":"","background-media":"","overlay-type":"","overlay-color":"","overlay-opacity":"","overlay-gradient":""},"tablet":{"background-color":"var(--ast-global-color-5)","background-image":"","background-repeat":"repeat","background-position":"center center","background-size":"auto","background-attachment":"scroll","background-type":"","background-media":"","overlay-type":"","overlay-color":"","overlay-opacity":"","overlay-gradient":""},"mobile":{"background-color":"var(--ast-global-color-5)","background-image":"","background-repeat":"repeat","background-position":"center center","background-size":"auto","background-attachment":"scroll","background-type":"","background-media":"","overlay-type":"","overlay-color":"","overlay-opacity":"","overlay-gradient":""}}},"product_brand":[87,80],"product_cat":[15],"product_tag":[],"class_list":{"0":"post-2893","1":"product","2":"type-product","3":"status-publish","4":"has-post-thumbnail","6":"product_brand-capri","7":"product_brand-chiara-alessi","8":"product_cat-uncatogorized","9":"product_shipping_class-fincan","10":"desktop-align-left","11":"tablet-align-left","12":"mobile-align-left","14":"first","15":"instock","16":"taxable","17":"shipping-taxable","18":"purchasable","19":"product-type-simple"},"acf":[],"uagb_featured_image_src":{"full":["https:\/\/test.neoantiquestore.com\/wp-content\/uploads\/2025\/10\/CAMC1080BL1-19-0.webp",600,600,false],"thumbnail":["https:\/\/test.neoantiquestore.com\/wp-content\/uploads\/2025\/10\/CAMC1080BL1-19-0-150x150.webp",150,150,true],"medium":["https:\/\/test.neoantiquestore.com\/wp-content\/uploads\/2025\/10\/CAMC1080BL1-19-0-300x300.webp",300,300,true],"medium_large":["https:\/\/test.neoantiquestore.com\/wp-content\/uploads\/2025\/10\/CAMC1080BL1-19-0.webp",600,600,false],"large":["https:\/\/test.neoantiquestore.com\/wp-content\/uploads\/2025\/10\/CAMC1080BL1-19-0.webp",600,600,false],"1536x1536":["https:\/\/test.neoantiquestore.com\/wp-content\/uploads\/2025\/10\/CAMC1080BL1-19-0.webp",600,600,false],"2048x2048":["https:\/\/test.neoantiquestore.com\/wp-content\/uploads\/2025\/10\/CAMC1080BL1-19-0.webp",600,600,false],"trp-custom-language-flag":["https:\/\/test.neoantiquestore.com\/wp-content\/uploads\/2025\/10\/CAMC1080BL1-19-0-12x12.webp",12,12,true],"woocommerce_thumbnail":["https:\/\/test.neoantiquestore.com\/wp-content\/uploads\/2025\/10\/CAMC1080BL1-19-0-300x300.webp",300,300,true],"woocommerce_single":["https:\/\/test.neoantiquestore.com\/wp-content\/uploads\/2025\/10\/CAMC1080BL1-19-0.webp",600,600,false],"woocommerce_gallery_thumbnail":["https:\/\/test.neoantiquestore.com\/wp-content\/uploads\/2025\/10\/CAMC1080BL1-19-0-100x100.webp",100,100,true]},"uagb_author_info":{"display_name":"batu kale","author_link":"https:\/\/test.neoantiquestore.com\/en\/author\/"},"uagb_comment_info":0,"uagb_excerpt":"Chiara Alessi Capri limon buketi mavi melamin kahvalt\u0131 taba\u011f\u0131 uzun s\u00fcreli kullan\u0131m i\u00e7in tasarlanm\u0131\u015f, k\u0131r\u0131lmaya ve \u00e7izilmeye kar\u015f\u0131 ekstra dayan\u0131kl\u0131d\u0131r ve BPA i\u00e7ermez. \u00c7ap: 21,5 cm Melamin Bula\u015f\u0131k makinesinde y\u0131kanmas\u0131 uygundur. Fiyat 1 adet i\u00e7in ge\u00e7erlidir.","jetpack_sharing_enabled":true,"_links":{"self":[{"href":"https:\/\/test.neoantiquestore.com\/en\/wp-json\/wp\/v2\/product\/2893","targetHints":{"allow":["GET"]}}],"collection":[{"href":"https:\/\/test.neoantiquestore.com\/en\/wp-json\/wp\/v2\/product"}],"about":[{"href":"https:\/\/test.neoantiquestore.com\/en\/wp-json\/wp\/v2\/types\/product"}],"replies":[{"embeddable":true,"href":"https:\/\/test.neoantiquestore.com\/en\/wp-json\/wp\/v2\/comments?post=2893"}],"wp:featuredmedia":[{"embeddable":true,"href":"https:\/\/test.neoantiquestore.com\/en\/wp-json\/wp\/v2\/media\/2894"}],"wp:attachment":[{"href":"https:\/\/test.neoantiquestore.com\/en\/wp-json\/wp\/v2\/media?parent=2893"}],"wp:term":[{"taxonomy":"product_brand","embeddable":true,"href":"https:\/\/test.neoantiquestore.com\/en\/wp-json\/wp\/v2\/product_brand?post=2893"},{"taxonomy":"product_cat","embeddable":true,"href":"https:\/\/test.neoantiquestore.com\/en\/wp-json\/wp\/v2\/product_cat?post=2893"},{"taxonomy":"product_tag","embeddable":true,"href":"https:\/\/test.neoantiquestore.com\/en\/wp-json\/wp\/v2\/product_tag?post=2893"}],"curies":[{"name":"wp","href":"https:\/\/api.w.org\/{rel}","templated":true}]}}