{"id":2904,"date":"2025-10-06T17:36:00","date_gmt":"2025-10-06T17:36:00","guid":{"rendered":"https:\/\/test.neoantiquestore.com\/?post_type=product&#038;p=2904"},"modified":"2025-10-06T17:43:09","modified_gmt":"2025-10-06T17:43:09","slug":"kirmizi-pembe-porselen-kupa-250-ml-love-birds-collection-by-pip-studio-2","status":"publish","type":"product","link":"https:\/\/test.neoantiquestore.com\/en\/product\/kirmizi-pembe-porselen-kupa-250-ml-love-birds-collection-by-pip-studio-2\/","title":{"rendered":"K\u0131rm\u0131z\u0131 Pembe Porselen Kupa 250 Ml Love Birds Collection by Pip Studio"},"content":{"rendered":"<p>K\u0131rm\u0131z\u0131 ve pembe renkleri ile enerjinizi y\u00fckseltecek. Kahve ve \u00e7ay keyfini daha \u015f\u0131k hale getiren Love Birds k\u0131rm\u0131z\u0131 madalyon desenli mug elinizden d\u00fc\u015fmeyecek. Pip Studio kupa, madalyon deseni ile hem g\u00f6z zevki hem de damak zevkini bir arada sunuyor. G\u00f6r\u00fcn\u00fcm\u00fc ile y\u0131ld\u0131z gibi parlayan Pip Studio Love Birds mug koleksiyonu \u00e7ay saatlerinin en l\u00fcks detay\u0131. Pip Studio Mug \u00fcr\u00fcnleri \u00e7izilmeyen yap\u0131s\u0131 ve muhte\u015fem renkleriyle aray\u0131p da bulamad\u0131\u011f\u0131n\u0131z o ahengi sizin i\u00e7in bir araya getirdi. G\u00fcn\u00fcn\u00fcz\u00fc g\u00fczelle\u015ftiren Pip Studio Love Birds kupa modelleri i\u00e7ecekleri yudumlarken b\u00fcy\u00fck keyif alaca\u011f\u0131n\u0131z \u00fcr\u00fcnleri tasarl\u0131yor.<\/p>\n<p>Hacim: 250 ml<\/p>\n<p>Porselen<\/p>\n<p>Elde y\u0131kanmas\u0131 \u00f6nerilmektedir.<\/p>\n<p>Fiyat 1 adet i\u00e7in ge\u00e7erlidir.<\/p>","protected":false},"excerpt":{"rendered":"<p>K\u0131rm\u0131z\u0131 ve pembe renkleri ile enerjinizi y\u00fckseltecek. Kahve ve \u00e7ay keyfini daha \u015f\u0131k hale getiren Love Birds k\u0131rm\u0131z\u0131 madalyon desenli mug elinizden d\u00fc\u015fmeyecek. Pip Studio kupa, madalyon deseni ile hem g\u00f6z zevki hem de damak zevkini bir arada sunuyor. G\u00f6r\u00fcn\u00fcm\u00fc ile y\u0131ld\u0131z gibi parlayan Pip Studio Love Birds mug koleksiyonu \u00e7ay saatlerinin en l\u00fcks detay\u0131. [&hellip;]<\/p>","protected":false},"featured_media":2905,"comment_status":"open","ping_status":"closed","template":"","meta":{"_acf_changed":false,"_uag_custom_page_level_css":"","site-sidebar-layout":"default","site-content-layout":"","ast-site-content-layout":"default","site-content-style":"default","site-sidebar-style":"default","ast-global-header-display":"","ast-banner-title-visibility":"","ast-main-header-display":"","ast-hfb-above-header-display":"","ast-hfb-below-header-display":"","ast-hfb-mobile-header-display":"","site-post-title":"","ast-breadcrumbs-content":"","ast-featured-img":"","footer-sml-layout":"","theme-transparent-header-meta":"default","adv-header-id-meta":"","stick-header-meta":"","header-above-stick-meta":"","header-main-stick-meta":"","header-below-stick-meta":"","astra-migrate-meta-layouts":"set","ast-page-background-enabled":"default","ast-page-background-meta":{"desktop":{"background-color":"","background-image":"","background-repeat":"repeat","background-position":"center center","background-size":"auto","background-attachment":"scroll","background-type":"","background-media":"","overlay-type":"","overlay-color":"","overlay-opacity":"","overlay-gradient":""},"tablet":{"background-color":"","background-image":"","background-repeat":"repeat","background-position":"center center","background-size":"auto","background-attachment":"scroll","background-type":"","background-media":"","overlay-type":"","overlay-color":"","overlay-opacity":"","overlay-gradient":""},"mobile":{"background-color":"","background-image":"","background-repeat":"repeat","background-position":"center center","background-size":"auto","background-attachment":"scroll","background-type":"","background-media":"","overlay-type":"","overlay-color":"","overlay-opacity":"","overlay-gradient":""}},"ast-content-background-meta":{"desktop":{"background-color":"var(--ast-global-color-5)","background-image":"","background-repeat":"repeat","background-position":"center center","background-size":"auto","background-attachment":"scroll","background-type":"","background-media":"","overlay-type":"","overlay-color":"","overlay-opacity":"","overlay-gradient":""},"tablet":{"background-color":"var(--ast-global-color-5)","background-image":"","background-repeat":"repeat","background-position":"center center","background-size":"auto","background-attachment":"scroll","background-type":"","background-media":"","overlay-type":"","overlay-color":"","overlay-opacity":"","overlay-gradient":""},"mobile":{"background-color":"var(--ast-global-color-5)","background-image":"","background-repeat":"repeat","background-position":"center center","background-size":"auto","background-attachment":"scroll","background-type":"","background-media":"","overlay-type":"","overlay-color":"","overlay-opacity":"","overlay-gradient":""}}},"product_brand":[92,79],"product_cat":[15],"product_tag":[],"class_list":{"0":"post-2904","1":"product","2":"type-product","3":"status-publish","4":"has-post-thumbnail","6":"product_brand-love-birds","7":"product_brand-pip-studio","8":"product_cat-uncatogorized","9":"product_shipping_class-fincan","10":"desktop-align-left","11":"tablet-align-left","12":"mobile-align-left","14":"first","15":"instock","16":"taxable","17":"shipping-taxable","18":"purchasable","19":"product-type-simple"},"acf":[],"uagb_featured_image_src":{"full":["https:\/\/test.neoantiquestore.com\/wp-content\/uploads\/2025\/10\/51002026_01.webp",600,600,false],"thumbnail":["https:\/\/test.neoantiquestore.com\/wp-content\/uploads\/2025\/10\/51002026_01-150x150.webp",150,150,true],"medium":["https:\/\/test.neoantiquestore.com\/wp-content\/uploads\/2025\/10\/51002026_01-300x300.webp",300,300,true],"medium_large":["https:\/\/test.neoantiquestore.com\/wp-content\/uploads\/2025\/10\/51002026_01.webp",600,600,false],"large":["https:\/\/test.neoantiquestore.com\/wp-content\/uploads\/2025\/10\/51002026_01.webp",600,600,false],"1536x1536":["https:\/\/test.neoantiquestore.com\/wp-content\/uploads\/2025\/10\/51002026_01.webp",600,600,false],"2048x2048":["https:\/\/test.neoantiquestore.com\/wp-content\/uploads\/2025\/10\/51002026_01.webp",600,600,false],"trp-custom-language-flag":["https:\/\/test.neoantiquestore.com\/wp-content\/uploads\/2025\/10\/51002026_01-12x12.webp",12,12,true],"woocommerce_thumbnail":["https:\/\/test.neoantiquestore.com\/wp-content\/uploads\/2025\/10\/51002026_01-300x300.webp",300,300,true],"woocommerce_single":["https:\/\/test.neoantiquestore.com\/wp-content\/uploads\/2025\/10\/51002026_01.webp",600,600,false],"woocommerce_gallery_thumbnail":["https:\/\/test.neoantiquestore.com\/wp-content\/uploads\/2025\/10\/51002026_01-100x100.webp",100,100,true]},"uagb_author_info":{"display_name":"batu kale","author_link":"https:\/\/test.neoantiquestore.com\/en\/author\/"},"uagb_comment_info":0,"uagb_excerpt":"K\u0131rm\u0131z\u0131 ve pembe renkleri ile enerjinizi y\u00fckseltecek. Kahve ve \u00e7ay keyfini daha \u015f\u0131k hale getiren Love Birds k\u0131rm\u0131z\u0131 madalyon desenli mug elinizden d\u00fc\u015fmeyecek. Pip Studio kupa, madalyon deseni ile hem g\u00f6z zevki hem de damak zevkini bir arada sunuyor. G\u00f6r\u00fcn\u00fcm\u00fc ile y\u0131ld\u0131z gibi parlayan Pip Studio Love Birds mug koleksiyonu \u00e7ay saatlerinin en l\u00fcks detay\u0131.&hellip;","jetpack_sharing_enabled":true,"_links":{"self":[{"href":"https:\/\/test.neoantiquestore.com\/en\/wp-json\/wp\/v2\/product\/2904","targetHints":{"allow":["GET"]}}],"collection":[{"href":"https:\/\/test.neoantiquestore.com\/en\/wp-json\/wp\/v2\/product"}],"about":[{"href":"https:\/\/test.neoantiquestore.com\/en\/wp-json\/wp\/v2\/types\/product"}],"replies":[{"embeddable":true,"href":"https:\/\/test.neoantiquestore.com\/en\/wp-json\/wp\/v2\/comments?post=2904"}],"wp:featuredmedia":[{"embeddable":true,"href":"https:\/\/test.neoantiquestore.com\/en\/wp-json\/wp\/v2\/media\/2905"}],"wp:attachment":[{"href":"https:\/\/test.neoantiquestore.com\/en\/wp-json\/wp\/v2\/media?parent=2904"}],"wp:term":[{"taxonomy":"product_brand","embeddable":true,"href":"https:\/\/test.neoantiquestore.com\/en\/wp-json\/wp\/v2\/product_brand?post=2904"},{"taxonomy":"product_cat","embeddable":true,"href":"https:\/\/test.neoantiquestore.com\/en\/wp-json\/wp\/v2\/product_cat?post=2904"},{"taxonomy":"product_tag","embeddable":true,"href":"https:\/\/test.neoantiquestore.com\/en\/wp-json\/wp\/v2\/product_tag?post=2904"}],"curies":[{"name":"wp","href":"https:\/\/api.w.org\/{rel}","templated":true}]}}