{"id":2922,"date":"2025-10-06T18:12:52","date_gmt":"2025-10-06T18:12:52","guid":{"rendered":"https:\/\/test.neoantiquestore.com\/?post_type=product&#038;p=2922"},"modified":"2025-10-06T18:18:32","modified_gmt":"2025-10-06T18:18:32","slug":"kirmizi-porselen-sekerlik-300-ml-love-birds-collection-by-pip-studio","status":"publish","type":"product","link":"https:\/\/test.neoantiquestore.com\/en\/product\/kirmizi-porselen-sekerlik-300-ml-love-birds-collection-by-pip-studio\/","title":{"rendered":"K\u0131rm\u0131z\u0131 Porselen \u015eekerlik 300 Ml Love Birds Collection by Pip Studio"},"content":{"rendered":"<h2>Pip Studio Love Birds K\u0131rm\u0131z\u0131 Porselen \u015eekerlik<\/h2>\n<p>Pip Studio Love Birds K\u0131rm\u0131z\u0131 Porselen \u015eekerlik, klasik zarafetin modern yorumuyla hayat bulan, sofistike bir masa aksesuar\u0131d\u0131r. G\u00f6z al\u0131c\u0131 k\u0131rm\u0131z\u0131 tonlar\u0131yla derin bir tutku ve s\u0131cakl\u0131k yayan bu \u00f6zel tasar\u0131m, romantik ku\u015f ve \u00e7i\u00e7ek motifleriyle adeta masals\u0131 bir atmosfer yarat\u0131r. El i\u015f\u00e7ili\u011fini and\u0131ran detaylar\u0131 ve alt\u0131n yald\u0131z s\u00fcslemeleri sayesinde her bir sunumu sanatsal bir seremoniye d\u00f6n\u00fc\u015ft\u00fcr\u00fcr.<\/p>\n<p>&nbsp;<\/p>\n<p>300 ml<\/p>\n<p>Fiyat 1 adet kapakl\u0131 \u015fekerlik i\u00e7in ge\u00e7erldir.<\/p>","protected":false},"excerpt":{"rendered":"<p>Pip Studio Love Birds K\u0131rm\u0131z\u0131 Porselen \u015eekerlik Pip Studio Love Birds K\u0131rm\u0131z\u0131 Porselen \u015eekerlik, klasik zarafetin modern yorumuyla hayat bulan, sofistike bir masa aksesuar\u0131d\u0131r. G\u00f6z al\u0131c\u0131 k\u0131rm\u0131z\u0131 tonlar\u0131yla derin bir tutku ve s\u0131cakl\u0131k yayan bu \u00f6zel tasar\u0131m, romantik ku\u015f ve \u00e7i\u00e7ek motifleriyle adeta masals\u0131 bir atmosfer yarat\u0131r. El i\u015f\u00e7ili\u011fini and\u0131ran detaylar\u0131 ve alt\u0131n yald\u0131z s\u00fcslemeleri [&hellip;]<\/p>","protected":false},"featured_media":2923,"comment_status":"open","ping_status":"closed","template":"","meta":{"_acf_changed":false,"_uag_custom_page_level_css":"","site-sidebar-layout":"default","site-content-layout":"","ast-site-content-layout":"default","site-content-style":"default","site-sidebar-style":"default","ast-global-header-display":"","ast-banner-title-visibility":"","ast-main-header-display":"","ast-hfb-above-header-display":"","ast-hfb-below-header-display":"","ast-hfb-mobile-header-display":"","site-post-title":"","ast-breadcrumbs-content":"","ast-featured-img":"","footer-sml-layout":"","theme-transparent-header-meta":"default","adv-header-id-meta":"","stick-header-meta":"","header-above-stick-meta":"","header-main-stick-meta":"","header-below-stick-meta":"","astra-migrate-meta-layouts":"set","ast-page-background-enabled":"default","ast-page-background-meta":{"desktop":{"background-color":"","background-image":"","background-repeat":"repeat","background-position":"center center","background-size":"auto","background-attachment":"scroll","background-type":"","background-media":"","overlay-type":"","overlay-color":"","overlay-opacity":"","overlay-gradient":""},"tablet":{"background-color":"","background-image":"","background-repeat":"repeat","background-position":"center center","background-size":"auto","background-attachment":"scroll","background-type":"","background-media":"","overlay-type":"","overlay-color":"","overlay-opacity":"","overlay-gradient":""},"mobile":{"background-color":"","background-image":"","background-repeat":"repeat","background-position":"center center","background-size":"auto","background-attachment":"scroll","background-type":"","background-media":"","overlay-type":"","overlay-color":"","overlay-opacity":"","overlay-gradient":""}},"ast-content-background-meta":{"desktop":{"background-color":"var(--ast-global-color-5)","background-image":"","background-repeat":"repeat","background-position":"center center","background-size":"auto","background-attachment":"scroll","background-type":"","background-media":"","overlay-type":"","overlay-color":"","overlay-opacity":"","overlay-gradient":""},"tablet":{"background-color":"var(--ast-global-color-5)","background-image":"","background-repeat":"repeat","background-position":"center center","background-size":"auto","background-attachment":"scroll","background-type":"","background-media":"","overlay-type":"","overlay-color":"","overlay-opacity":"","overlay-gradient":""},"mobile":{"background-color":"var(--ast-global-color-5)","background-image":"","background-repeat":"repeat","background-position":"center center","background-size":"auto","background-attachment":"scroll","background-type":"","background-media":"","overlay-type":"","overlay-color":"","overlay-opacity":"","overlay-gradient":""}}},"product_brand":[92,79],"product_cat":[15],"product_tag":[],"class_list":{"0":"post-2922","1":"product","2":"type-product","3":"status-publish","4":"has-post-thumbnail","6":"product_brand-love-birds","7":"product_brand-pip-studio","8":"product_cat-uncatogorized","9":"product_shipping_class-fincan","10":"desktop-align-left","11":"tablet-align-left","12":"mobile-align-left","14":"first","15":"instock","16":"taxable","17":"shipping-taxable","18":"purchasable","19":"product-type-simple"},"acf":[],"uagb_featured_image_src":{"full":["https:\/\/test.neoantiquestore.com\/wp-content\/uploads\/2025\/10\/51.008.004-scaled.jpg",1682,2560,false],"thumbnail":["https:\/\/test.neoantiquestore.com\/wp-content\/uploads\/2025\/10\/51.008.004-150x150.jpg",150,150,true],"medium":["https:\/\/test.neoantiquestore.com\/wp-content\/uploads\/2025\/10\/51.008.004-197x300.jpg",197,300,true],"medium_large":["https:\/\/test.neoantiquestore.com\/wp-content\/uploads\/2025\/10\/51.008.004-768x1169.jpg",768,1169,true],"large":["https:\/\/test.neoantiquestore.com\/wp-content\/uploads\/2025\/10\/51.008.004-673x1024.jpg",673,1024,true],"1536x1536":["https:\/\/test.neoantiquestore.com\/wp-content\/uploads\/2025\/10\/51.008.004-1009x1536.jpg",1009,1536,true],"2048x2048":["https:\/\/test.neoantiquestore.com\/wp-content\/uploads\/2025\/10\/51.008.004-1346x2048.jpg",1346,2048,true],"trp-custom-language-flag":["https:\/\/test.neoantiquestore.com\/wp-content\/uploads\/2025\/10\/51.008.004-8x12.jpg",8,12,true],"woocommerce_thumbnail":["https:\/\/test.neoantiquestore.com\/wp-content\/uploads\/2025\/10\/51.008.004-300x300.jpg",300,300,true],"woocommerce_single":["https:\/\/test.neoantiquestore.com\/wp-content\/uploads\/2025\/10\/51.008.004-600x913.jpg",600,913,true],"woocommerce_gallery_thumbnail":["https:\/\/test.neoantiquestore.com\/wp-content\/uploads\/2025\/10\/51.008.004-100x100.jpg",100,100,true]},"uagb_author_info":{"display_name":"batu kale","author_link":"https:\/\/test.neoantiquestore.com\/en\/author\/"},"uagb_comment_info":0,"uagb_excerpt":"Pip Studio Love Birds K\u0131rm\u0131z\u0131 Porselen \u015eekerlik Pip Studio Love Birds K\u0131rm\u0131z\u0131 Porselen \u015eekerlik, klasik zarafetin modern yorumuyla hayat bulan, sofistike bir masa aksesuar\u0131d\u0131r. G\u00f6z al\u0131c\u0131 k\u0131rm\u0131z\u0131 tonlar\u0131yla derin bir tutku ve s\u0131cakl\u0131k yayan bu \u00f6zel tasar\u0131m, romantik ku\u015f ve \u00e7i\u00e7ek motifleriyle adeta masals\u0131 bir atmosfer yarat\u0131r. El i\u015f\u00e7ili\u011fini and\u0131ran detaylar\u0131 ve alt\u0131n yald\u0131z s\u00fcslemeleri&hellip;","jetpack_sharing_enabled":true,"_links":{"self":[{"href":"https:\/\/test.neoantiquestore.com\/en\/wp-json\/wp\/v2\/product\/2922","targetHints":{"allow":["GET"]}}],"collection":[{"href":"https:\/\/test.neoantiquestore.com\/en\/wp-json\/wp\/v2\/product"}],"about":[{"href":"https:\/\/test.neoantiquestore.com\/en\/wp-json\/wp\/v2\/types\/product"}],"replies":[{"embeddable":true,"href":"https:\/\/test.neoantiquestore.com\/en\/wp-json\/wp\/v2\/comments?post=2922"}],"wp:featuredmedia":[{"embeddable":true,"href":"https:\/\/test.neoantiquestore.com\/en\/wp-json\/wp\/v2\/media\/2923"}],"wp:attachment":[{"href":"https:\/\/test.neoantiquestore.com\/en\/wp-json\/wp\/v2\/media?parent=2922"}],"wp:term":[{"taxonomy":"product_brand","embeddable":true,"href":"https:\/\/test.neoantiquestore.com\/en\/wp-json\/wp\/v2\/product_brand?post=2922"},{"taxonomy":"product_cat","embeddable":true,"href":"https:\/\/test.neoantiquestore.com\/en\/wp-json\/wp\/v2\/product_cat?post=2922"},{"taxonomy":"product_tag","embeddable":true,"href":"https:\/\/test.neoantiquestore.com\/en\/wp-json\/wp\/v2\/product_tag?post=2922"}],"curies":[{"name":"wp","href":"https:\/\/api.w.org\/{rel}","templated":true}]}}