{"id":2926,"date":"2025-10-06T18:17:05","date_gmt":"2025-10-06T18:17:05","guid":{"rendered":"https:\/\/test.neoantiquestore.com\/?post_type=product&#038;p=2926"},"modified":"2025-10-06T18:17:05","modified_gmt":"2025-10-06T18:17:05","slug":"pembe-porselen-sutluk-270-ml-love-birds-collection-by-pip-studio","status":"publish","type":"product","link":"https:\/\/test.neoantiquestore.com\/en\/product\/pembe-porselen-sutluk-270-ml-love-birds-collection-by-pip-studio\/","title":{"rendered":"Pembe Porselen S\u00fctl\u00fck 270 Ml Love Birds Collection by Pip Studio"},"content":{"rendered":"<p>Pip Studio Love Birds s\u00fctl\u00fck ile tarz yaratan sofralara sahip olabilirsiniz. Estetik tasar\u0131m\u0131 ve \u00e7izilmeye yap\u0131s\u0131 ile kahve tepsisinin y\u0131ld\u0131z\u0131 olan Love Birds koleksiyonu 270 ml s\u00fctl\u00fck ile kahve keyfinizi ikiye katlay\u0131n. Pip Studio s\u00fctl\u00fck \u00fcr\u00fcn\u00fcn\u00fc ister kahvalt\u0131 sofralar\u0131nda isterseniz de kahve servislerinde kullanarak misafirlerinizin \u00f6zel hissetmelerini sa\u011flayabilir sunumun kalitesini artt\u0131rabilirsiniz. S\u00fct servisini konforlu bir \u015fekilde ger\u00e7ekle\u015ftirmenizi sa\u011flayan Love Birds s\u00fctl\u00fck 270 ml kendine \u00f6zg\u00fc l\u00fcks ve dinamik tasar\u0131m\u0131 ile g\u00f6z kama\u015ft\u0131r\u0131yor. Pembe ve K\u0131rm\u0131z\u0131n\u0131n muhte\u015fem uyumunu en iyi \u015fekilde \u00fcr\u00fcnlerine yans\u0131tan Pip Studio s\u00fcrahi modelinde de madalyon deseni ile tamamlanm\u0131\u015f muhte\u015fem k\u0131vr\u0131mlara sahip bu \u00fcr\u00fcn\u00fc sizlere sunuyor.<\/p>\n<p>Hacim: 270 ml<\/p>\n<p>Porselen<\/p>\n<p>Elde y\u0131kanmas\u0131 \u00f6nerilmektedir.<\/p>\n<p>Fiyat 1 adet i\u00e7in ge\u00e7erlidir.<\/p>","protected":false},"excerpt":{"rendered":"<p>Pip Studio Love Birds s\u00fctl\u00fck ile tarz yaratan sofralara sahip olabilirsiniz. Estetik tasar\u0131m\u0131 ve \u00e7izilmeye yap\u0131s\u0131 ile kahve tepsisinin y\u0131ld\u0131z\u0131 olan Love Birds koleksiyonu 270 ml s\u00fctl\u00fck ile kahve keyfinizi ikiye katlay\u0131n. Pip Studio s\u00fctl\u00fck \u00fcr\u00fcn\u00fcn\u00fc ister kahvalt\u0131 sofralar\u0131nda isterseniz de kahve servislerinde kullanarak misafirlerinizin \u00f6zel hissetmelerini sa\u011flayabilir sunumun kalitesini artt\u0131rabilirsiniz. S\u00fct servisini konforlu bir [&hellip;]<\/p>","protected":false},"featured_media":2927,"comment_status":"open","ping_status":"closed","template":"","meta":{"_acf_changed":false,"_uag_custom_page_level_css":"","site-sidebar-layout":"default","site-content-layout":"","ast-site-content-layout":"default","site-content-style":"default","site-sidebar-style":"default","ast-global-header-display":"","ast-banner-title-visibility":"","ast-main-header-display":"","ast-hfb-above-header-display":"","ast-hfb-below-header-display":"","ast-hfb-mobile-header-display":"","site-post-title":"","ast-breadcrumbs-content":"","ast-featured-img":"","footer-sml-layout":"","theme-transparent-header-meta":"default","adv-header-id-meta":"","stick-header-meta":"","header-above-stick-meta":"","header-main-stick-meta":"","header-below-stick-meta":"","astra-migrate-meta-layouts":"set","ast-page-background-enabled":"default","ast-page-background-meta":{"desktop":{"background-color":"","background-image":"","background-repeat":"repeat","background-position":"center center","background-size":"auto","background-attachment":"scroll","background-type":"","background-media":"","overlay-type":"","overlay-color":"","overlay-opacity":"","overlay-gradient":""},"tablet":{"background-color":"","background-image":"","background-repeat":"repeat","background-position":"center center","background-size":"auto","background-attachment":"scroll","background-type":"","background-media":"","overlay-type":"","overlay-color":"","overlay-opacity":"","overlay-gradient":""},"mobile":{"background-color":"","background-image":"","background-repeat":"repeat","background-position":"center center","background-size":"auto","background-attachment":"scroll","background-type":"","background-media":"","overlay-type":"","overlay-color":"","overlay-opacity":"","overlay-gradient":""}},"ast-content-background-meta":{"desktop":{"background-color":"var(--ast-global-color-5)","background-image":"","background-repeat":"repeat","background-position":"center center","background-size":"auto","background-attachment":"scroll","background-type":"","background-media":"","overlay-type":"","overlay-color":"","overlay-opacity":"","overlay-gradient":""},"tablet":{"background-color":"var(--ast-global-color-5)","background-image":"","background-repeat":"repeat","background-position":"center center","background-size":"auto","background-attachment":"scroll","background-type":"","background-media":"","overlay-type":"","overlay-color":"","overlay-opacity":"","overlay-gradient":""},"mobile":{"background-color":"var(--ast-global-color-5)","background-image":"","background-repeat":"repeat","background-position":"center center","background-size":"auto","background-attachment":"scroll","background-type":"","background-media":"","overlay-type":"","overlay-color":"","overlay-opacity":"","overlay-gradient":""}}},"product_brand":[92,79],"product_cat":[15],"product_tag":[],"class_list":{"0":"post-2926","1":"product","2":"type-product","3":"status-publish","4":"has-post-thumbnail","6":"product_brand-love-birds","7":"product_brand-pip-studio","8":"product_cat-uncatogorized","9":"product_shipping_class-fincan","10":"desktop-align-left","11":"tablet-align-left","12":"mobile-align-left","14":"first","15":"instock","16":"taxable","17":"shipping-taxable","18":"purchasable","19":"product-type-simple"},"acf":[],"uagb_featured_image_src":{"full":["https:\/\/test.neoantiquestore.com\/wp-content\/uploads\/2025\/10\/51.007.009-scaled.jpg",1682,2560,false],"thumbnail":["https:\/\/test.neoantiquestore.com\/wp-content\/uploads\/2025\/10\/51.007.009-150x150.jpg",150,150,true],"medium":["https:\/\/test.neoantiquestore.com\/wp-content\/uploads\/2025\/10\/51.007.009-197x300.jpg",197,300,true],"medium_large":["https:\/\/test.neoantiquestore.com\/wp-content\/uploads\/2025\/10\/51.007.009-768x1169.jpg",768,1169,true],"large":["https:\/\/test.neoantiquestore.com\/wp-content\/uploads\/2025\/10\/51.007.009-673x1024.jpg",673,1024,true],"1536x1536":["https:\/\/test.neoantiquestore.com\/wp-content\/uploads\/2025\/10\/51.007.009-1009x1536.jpg",1009,1536,true],"2048x2048":["https:\/\/test.neoantiquestore.com\/wp-content\/uploads\/2025\/10\/51.007.009-1346x2048.jpg",1346,2048,true],"trp-custom-language-flag":["https:\/\/test.neoantiquestore.com\/wp-content\/uploads\/2025\/10\/51.007.009-8x12.jpg",8,12,true],"woocommerce_thumbnail":["https:\/\/test.neoantiquestore.com\/wp-content\/uploads\/2025\/10\/51.007.009-300x300.jpg",300,300,true],"woocommerce_single":["https:\/\/test.neoantiquestore.com\/wp-content\/uploads\/2025\/10\/51.007.009-600x913.jpg",600,913,true],"woocommerce_gallery_thumbnail":["https:\/\/test.neoantiquestore.com\/wp-content\/uploads\/2025\/10\/51.007.009-100x100.jpg",100,100,true]},"uagb_author_info":{"display_name":"batu kale","author_link":"https:\/\/test.neoantiquestore.com\/en\/author\/"},"uagb_comment_info":0,"uagb_excerpt":"Pip Studio Love Birds s\u00fctl\u00fck ile tarz yaratan sofralara sahip olabilirsiniz. Estetik tasar\u0131m\u0131 ve \u00e7izilmeye yap\u0131s\u0131 ile kahve tepsisinin y\u0131ld\u0131z\u0131 olan Love Birds koleksiyonu 270 ml s\u00fctl\u00fck ile kahve keyfinizi ikiye katlay\u0131n. Pip Studio s\u00fctl\u00fck \u00fcr\u00fcn\u00fcn\u00fc ister kahvalt\u0131 sofralar\u0131nda isterseniz de kahve servislerinde kullanarak misafirlerinizin \u00f6zel hissetmelerini sa\u011flayabilir sunumun kalitesini artt\u0131rabilirsiniz. S\u00fct servisini konforlu bir&hellip;","jetpack_sharing_enabled":true,"_links":{"self":[{"href":"https:\/\/test.neoantiquestore.com\/en\/wp-json\/wp\/v2\/product\/2926","targetHints":{"allow":["GET"]}}],"collection":[{"href":"https:\/\/test.neoantiquestore.com\/en\/wp-json\/wp\/v2\/product"}],"about":[{"href":"https:\/\/test.neoantiquestore.com\/en\/wp-json\/wp\/v2\/types\/product"}],"replies":[{"embeddable":true,"href":"https:\/\/test.neoantiquestore.com\/en\/wp-json\/wp\/v2\/comments?post=2926"}],"wp:featuredmedia":[{"embeddable":true,"href":"https:\/\/test.neoantiquestore.com\/en\/wp-json\/wp\/v2\/media\/2927"}],"wp:attachment":[{"href":"https:\/\/test.neoantiquestore.com\/en\/wp-json\/wp\/v2\/media?parent=2926"}],"wp:term":[{"taxonomy":"product_brand","embeddable":true,"href":"https:\/\/test.neoantiquestore.com\/en\/wp-json\/wp\/v2\/product_brand?post=2926"},{"taxonomy":"product_cat","embeddable":true,"href":"https:\/\/test.neoantiquestore.com\/en\/wp-json\/wp\/v2\/product_cat?post=2926"},{"taxonomy":"product_tag","embeddable":true,"href":"https:\/\/test.neoantiquestore.com\/en\/wp-json\/wp\/v2\/product_tag?post=2926"}],"curies":[{"name":"wp","href":"https:\/\/api.w.org\/{rel}","templated":true}]}}