{"id":2975,"date":"2025-10-06T19:43:26","date_gmt":"2025-10-06T19:43:26","guid":{"rendered":"https:\/\/test.neoantiquestore.com\/?post_type=product&#038;p=2975"},"modified":"2025-10-06T19:43:26","modified_gmt":"2025-10-06T19:43:26","slug":"yesil-porselen-kupa-150-ml-love-birds-collection-by-pip-studio-3","status":"publish","type":"product","link":"https:\/\/test.neoantiquestore.com\/en\/product\/yesil-porselen-kupa-150-ml-love-birds-collection-by-pip-studio-3\/","title":{"rendered":"Ye\u015fil Porselen Kupa 150 Ml Love Birds Collection by Pip Studio"},"content":{"rendered":"<p>L\u00fcks tasar\u0131m\u0131n tam kar\u015f\u0131l\u0131\u011f\u0131 olan Love Birds serisinden ye\u015fil madalyon desenli k\u00fc\u00e7\u00fck mug hem haval\u0131 hem de \u00e7ok e\u011flenceli. Bulundu\u011fu ortama l\u00fcks bir hava katan Pip Studio Love Birds mug, ihti\u015fam\u0131yla \u00f6n plana \u00e7\u0131kmay\u0131 ba\u015far\u0131yor. Pip Studio Love Birds mug unutulmayan anlar\u0131n en \u00f6zel e\u015flik\u00e7isi olmaya aday. \u00c7izilmeyen yap\u0131s\u0131 sayesinde y\u0131llarca ilk g\u00fcnk\u00fc \u015f\u0131kl\u0131\u011f\u0131 ile size e\u015flik edecek olan Pip Studio kupa Love Birds tasar\u0131mlar\u0131n\u0131n l\u00fcks ve dinamik havas\u0131n\u0131 yans\u0131t\u0131yor. Her an\u0131n\u0131z\u0131 \u00f6zelle\u015ftirmeyi ba\u015faran Pip Studio Love Birds kupa sizi mutlu etmeye yeter. Kendine \u00f6zel tasar\u0131m\u0131 ve ye\u015filin zarafetini ve markayla \u00f6zde\u015fle\u015fmi\u015f madalyon deseni ile farkl\u0131l\u0131\u011f\u0131 en iyi \u015fekilde g\u00f6zler \u00f6n\u00fcne seriyor.<\/p>\n<p>Hacim: 150 ml<\/p>\n<p>Porselen<\/p>\n<p>Elde y\u0131kanmas\u0131 \u00f6nerilmektedir.<\/p>\n<p>Fiyat 1 adet i\u00e7in ge\u00e7erlidir.<\/p>","protected":false},"excerpt":{"rendered":"<p>L\u00fcks tasar\u0131m\u0131n tam kar\u015f\u0131l\u0131\u011f\u0131 olan Love Birds serisinden ye\u015fil madalyon desenli k\u00fc\u00e7\u00fck mug hem haval\u0131 hem de \u00e7ok e\u011flenceli. Bulundu\u011fu ortama l\u00fcks bir hava katan Pip Studio Love Birds mug, ihti\u015fam\u0131yla \u00f6n plana \u00e7\u0131kmay\u0131 ba\u015far\u0131yor. Pip Studio Love Birds mug unutulmayan anlar\u0131n en \u00f6zel e\u015flik\u00e7isi olmaya aday. \u00c7izilmeyen yap\u0131s\u0131 sayesinde y\u0131llarca ilk g\u00fcnk\u00fc \u015f\u0131kl\u0131\u011f\u0131 ile [&hellip;]<\/p>","protected":false},"featured_media":2976,"comment_status":"open","ping_status":"closed","template":"","meta":{"_acf_changed":false,"_uag_custom_page_level_css":"","site-sidebar-layout":"default","site-content-layout":"","ast-site-content-layout":"default","site-content-style":"default","site-sidebar-style":"default","ast-global-header-display":"","ast-banner-title-visibility":"","ast-main-header-display":"","ast-hfb-above-header-display":"","ast-hfb-below-header-display":"","ast-hfb-mobile-header-display":"","site-post-title":"","ast-breadcrumbs-content":"","ast-featured-img":"","footer-sml-layout":"","theme-transparent-header-meta":"default","adv-header-id-meta":"","stick-header-meta":"","header-above-stick-meta":"","header-main-stick-meta":"","header-below-stick-meta":"","astra-migrate-meta-layouts":"set","ast-page-background-enabled":"default","ast-page-background-meta":{"desktop":{"background-color":"","background-image":"","background-repeat":"repeat","background-position":"center center","background-size":"auto","background-attachment":"scroll","background-type":"","background-media":"","overlay-type":"","overlay-color":"","overlay-opacity":"","overlay-gradient":""},"tablet":{"background-color":"","background-image":"","background-repeat":"repeat","background-position":"center center","background-size":"auto","background-attachment":"scroll","background-type":"","background-media":"","overlay-type":"","overlay-color":"","overlay-opacity":"","overlay-gradient":""},"mobile":{"background-color":"","background-image":"","background-repeat":"repeat","background-position":"center center","background-size":"auto","background-attachment":"scroll","background-type":"","background-media":"","overlay-type":"","overlay-color":"","overlay-opacity":"","overlay-gradient":""}},"ast-content-background-meta":{"desktop":{"background-color":"var(--ast-global-color-5)","background-image":"","background-repeat":"repeat","background-position":"center center","background-size":"auto","background-attachment":"scroll","background-type":"","background-media":"","overlay-type":"","overlay-color":"","overlay-opacity":"","overlay-gradient":""},"tablet":{"background-color":"var(--ast-global-color-5)","background-image":"","background-repeat":"repeat","background-position":"center center","background-size":"auto","background-attachment":"scroll","background-type":"","background-media":"","overlay-type":"","overlay-color":"","overlay-opacity":"","overlay-gradient":""},"mobile":{"background-color":"var(--ast-global-color-5)","background-image":"","background-repeat":"repeat","background-position":"center center","background-size":"auto","background-attachment":"scroll","background-type":"","background-media":"","overlay-type":"","overlay-color":"","overlay-opacity":"","overlay-gradient":""}}},"product_brand":[92,79],"product_cat":[15],"product_tag":[],"class_list":{"0":"post-2975","1":"product","2":"type-product","3":"status-publish","4":"has-post-thumbnail","6":"product_brand-love-birds","7":"product_brand-pip-studio","8":"product_cat-uncatogorized","9":"product_shipping_class-fincan","10":"desktop-align-left","11":"tablet-align-left","12":"mobile-align-left","14":"first","15":"instock","16":"taxable","17":"shipping-taxable","18":"purchasable","19":"product-type-simple"},"acf":[],"uagb_featured_image_src":{"full":["https:\/\/test.neoantiquestore.com\/wp-content\/uploads\/2025\/10\/51002469-223-0.webp",600,600,false],"thumbnail":["https:\/\/test.neoantiquestore.com\/wp-content\/uploads\/2025\/10\/51002469-223-0-150x150.webp",150,150,true],"medium":["https:\/\/test.neoantiquestore.com\/wp-content\/uploads\/2025\/10\/51002469-223-0-300x300.webp",300,300,true],"medium_large":["https:\/\/test.neoantiquestore.com\/wp-content\/uploads\/2025\/10\/51002469-223-0.webp",600,600,false],"large":["https:\/\/test.neoantiquestore.com\/wp-content\/uploads\/2025\/10\/51002469-223-0.webp",600,600,false],"1536x1536":["https:\/\/test.neoantiquestore.com\/wp-content\/uploads\/2025\/10\/51002469-223-0.webp",600,600,false],"2048x2048":["https:\/\/test.neoantiquestore.com\/wp-content\/uploads\/2025\/10\/51002469-223-0.webp",600,600,false],"trp-custom-language-flag":["https:\/\/test.neoantiquestore.com\/wp-content\/uploads\/2025\/10\/51002469-223-0-12x12.webp",12,12,true],"woocommerce_thumbnail":["https:\/\/test.neoantiquestore.com\/wp-content\/uploads\/2025\/10\/51002469-223-0-300x300.webp",300,300,true],"woocommerce_single":["https:\/\/test.neoantiquestore.com\/wp-content\/uploads\/2025\/10\/51002469-223-0.webp",600,600,false],"woocommerce_gallery_thumbnail":["https:\/\/test.neoantiquestore.com\/wp-content\/uploads\/2025\/10\/51002469-223-0-100x100.webp",100,100,true]},"uagb_author_info":{"display_name":"batu kale","author_link":"https:\/\/test.neoantiquestore.com\/en\/author\/"},"uagb_comment_info":0,"uagb_excerpt":"L\u00fcks tasar\u0131m\u0131n tam kar\u015f\u0131l\u0131\u011f\u0131 olan Love Birds serisinden ye\u015fil madalyon desenli k\u00fc\u00e7\u00fck mug hem haval\u0131 hem de \u00e7ok e\u011flenceli. Bulundu\u011fu ortama l\u00fcks bir hava katan Pip Studio Love Birds mug, ihti\u015fam\u0131yla \u00f6n plana \u00e7\u0131kmay\u0131 ba\u015far\u0131yor. Pip Studio Love Birds mug unutulmayan anlar\u0131n en \u00f6zel e\u015flik\u00e7isi olmaya aday. \u00c7izilmeyen yap\u0131s\u0131 sayesinde y\u0131llarca ilk g\u00fcnk\u00fc \u015f\u0131kl\u0131\u011f\u0131 ile&hellip;","jetpack_sharing_enabled":true,"_links":{"self":[{"href":"https:\/\/test.neoantiquestore.com\/en\/wp-json\/wp\/v2\/product\/2975","targetHints":{"allow":["GET"]}}],"collection":[{"href":"https:\/\/test.neoantiquestore.com\/en\/wp-json\/wp\/v2\/product"}],"about":[{"href":"https:\/\/test.neoantiquestore.com\/en\/wp-json\/wp\/v2\/types\/product"}],"replies":[{"embeddable":true,"href":"https:\/\/test.neoantiquestore.com\/en\/wp-json\/wp\/v2\/comments?post=2975"}],"wp:featuredmedia":[{"embeddable":true,"href":"https:\/\/test.neoantiquestore.com\/en\/wp-json\/wp\/v2\/media\/2976"}],"wp:attachment":[{"href":"https:\/\/test.neoantiquestore.com\/en\/wp-json\/wp\/v2\/media?parent=2975"}],"wp:term":[{"taxonomy":"product_brand","embeddable":true,"href":"https:\/\/test.neoantiquestore.com\/en\/wp-json\/wp\/v2\/product_brand?post=2975"},{"taxonomy":"product_cat","embeddable":true,"href":"https:\/\/test.neoantiquestore.com\/en\/wp-json\/wp\/v2\/product_cat?post=2975"},{"taxonomy":"product_tag","embeddable":true,"href":"https:\/\/test.neoantiquestore.com\/en\/wp-json\/wp\/v2\/product_tag?post=2975"}],"curies":[{"name":"wp","href":"https:\/\/api.w.org\/{rel}","templated":true}]}}