{"id":3003,"date":"2025-10-06T20:26:56","date_gmt":"2025-10-06T20:26:56","guid":{"rendered":"https:\/\/test.neoantiquestore.com\/?post_type=product&#038;p=3003"},"modified":"2025-10-06T20:31:12","modified_gmt":"2025-10-06T20:31:12","slug":"pembe-porselen-kek-standi-24-cm-love-birds-collection-by-pip-studio","status":"publish","type":"product","link":"https:\/\/test.neoantiquestore.com\/en\/product\/pembe-porselen-kek-standi-24-cm-love-birds-collection-by-pip-studio\/","title":{"rendered":"Pembe Porselen Kek Stand\u0131 24 Cm Love Birds Collection by Pip Studio"},"content":{"rendered":"<p>Love Birds koleksiyonun en \u00f6zel par\u00e7alar\u0131ndan biri olan Pip Studio Love Birds kek stand\u0131 lezzetli keklere ihti\u015faml\u0131 bir g\u00f6r\u00fcn\u00fcm kat\u0131yor. L\u00fcks tasar\u0131ml\u0131 sofralarla hem kendinizi hem misafirlerinizi \u015f\u0131mart\u0131n. Yap\u0131lan tatl\u0131lar\u0131 ve kekleri daha \u00f6zel bir lezzete \u00e7eviren Pip Studio kek stand\u0131 sofralar\u0131n en \u00f6zel par\u00e7as\u0131 oluyor. Sunumlar\u0131n\u0131za kalite ve l\u00fcks\u00fc getiren Love Birds mini kek stand\u0131yla tam bir profesyonel sunum ger\u00e7ekle\u015ftirin. Zarif ve kullan\u0131\u015fl\u0131 tasar\u0131m\u0131 ve pembe rengi ile kendine hayran b\u0131rakan Pip Studio kek stand\u0131 g\u00f6vde k\u0131sm\u0131n\u0131n nadide k\u0131vr\u0131mlar\u0131 ile kolay ta\u015f\u0131nabilir ve \u00e7izilmeyen yap\u0131s\u0131 ile uzun y\u0131llar kullan\u0131labilirli\u011fi g\u00f6zler \u00f6n\u00fcne seriyor.<\/p>\n<p>\u00c7ap: 24 cm<\/p>\n<p>Porselen<\/p>\n<p>Elde y\u0131kanmas\u0131 \u00f6nerilmektedir.<\/p>\n<p>Fiyat 1 adet i\u00e7in ge\u00e7erlidir.<\/p>","protected":false},"excerpt":{"rendered":"<p>Love Birds koleksiyonun en \u00f6zel par\u00e7alar\u0131ndan biri olan Pip Studio Love Birds kek stand\u0131 lezzetli keklere ihti\u015faml\u0131 bir g\u00f6r\u00fcn\u00fcm kat\u0131yor. L\u00fcks tasar\u0131ml\u0131 sofralarla hem kendinizi hem misafirlerinizi \u015f\u0131mart\u0131n. Yap\u0131lan tatl\u0131lar\u0131 ve kekleri daha \u00f6zel bir lezzete \u00e7eviren Pip Studio kek stand\u0131 sofralar\u0131n en \u00f6zel par\u00e7as\u0131 oluyor. Sunumlar\u0131n\u0131za kalite ve l\u00fcks\u00fc getiren Love Birds mini kek [&hellip;]<\/p>","protected":false},"featured_media":3004,"comment_status":"open","ping_status":"closed","template":"","meta":{"_acf_changed":false,"_uag_custom_page_level_css":"","site-sidebar-layout":"default","site-content-layout":"","ast-site-content-layout":"default","site-content-style":"default","site-sidebar-style":"default","ast-global-header-display":"","ast-banner-title-visibility":"","ast-main-header-display":"","ast-hfb-above-header-display":"","ast-hfb-below-header-display":"","ast-hfb-mobile-header-display":"","site-post-title":"","ast-breadcrumbs-content":"","ast-featured-img":"","footer-sml-layout":"","theme-transparent-header-meta":"default","adv-header-id-meta":"","stick-header-meta":"","header-above-stick-meta":"","header-main-stick-meta":"","header-below-stick-meta":"","astra-migrate-meta-layouts":"set","ast-page-background-enabled":"default","ast-page-background-meta":{"desktop":{"background-color":"","background-image":"","background-repeat":"repeat","background-position":"center center","background-size":"auto","background-attachment":"scroll","background-type":"","background-media":"","overlay-type":"","overlay-color":"","overlay-opacity":"","overlay-gradient":""},"tablet":{"background-color":"","background-image":"","background-repeat":"repeat","background-position":"center center","background-size":"auto","background-attachment":"scroll","background-type":"","background-media":"","overlay-type":"","overlay-color":"","overlay-opacity":"","overlay-gradient":""},"mobile":{"background-color":"","background-image":"","background-repeat":"repeat","background-position":"center center","background-size":"auto","background-attachment":"scroll","background-type":"","background-media":"","overlay-type":"","overlay-color":"","overlay-opacity":"","overlay-gradient":""}},"ast-content-background-meta":{"desktop":{"background-color":"var(--ast-global-color-5)","background-image":"","background-repeat":"repeat","background-position":"center center","background-size":"auto","background-attachment":"scroll","background-type":"","background-media":"","overlay-type":"","overlay-color":"","overlay-opacity":"","overlay-gradient":""},"tablet":{"background-color":"var(--ast-global-color-5)","background-image":"","background-repeat":"repeat","background-position":"center center","background-size":"auto","background-attachment":"scroll","background-type":"","background-media":"","overlay-type":"","overlay-color":"","overlay-opacity":"","overlay-gradient":""},"mobile":{"background-color":"var(--ast-global-color-5)","background-image":"","background-repeat":"repeat","background-position":"center center","background-size":"auto","background-attachment":"scroll","background-type":"","background-media":"","overlay-type":"","overlay-color":"","overlay-opacity":"","overlay-gradient":""}}},"product_brand":[92,79],"product_cat":[15],"product_tag":[],"class_list":{"0":"post-3003","1":"product","2":"type-product","3":"status-publish","4":"has-post-thumbnail","6":"product_brand-love-birds","7":"product_brand-pip-studio","8":"product_cat-uncatogorized","9":"product_shipping_class-tabak","10":"desktop-align-left","11":"tablet-align-left","12":"mobile-align-left","14":"first","15":"instock","16":"taxable","17":"shipping-taxable","18":"purchasable","19":"product-type-simple"},"acf":[],"uagb_featured_image_src":{"full":["https:\/\/test.neoantiquestore.com\/wp-content\/uploads\/2025\/10\/51.018.114-scaled.jpg",2560,1707,false],"thumbnail":["https:\/\/test.neoantiquestore.com\/wp-content\/uploads\/2025\/10\/51.018.114-150x150.jpg",150,150,true],"medium":["https:\/\/test.neoantiquestore.com\/wp-content\/uploads\/2025\/10\/51.018.114-300x200.jpg",300,200,true],"medium_large":["https:\/\/test.neoantiquestore.com\/wp-content\/uploads\/2025\/10\/51.018.114-768x512.jpg",768,512,true],"large":["https:\/\/test.neoantiquestore.com\/wp-content\/uploads\/2025\/10\/51.018.114-1024x683.jpg",1024,683,true],"1536x1536":["https:\/\/test.neoantiquestore.com\/wp-content\/uploads\/2025\/10\/51.018.114-1536x1024.jpg",1536,1024,true],"2048x2048":["https:\/\/test.neoantiquestore.com\/wp-content\/uploads\/2025\/10\/51.018.114-2048x1365.jpg",2048,1365,true],"trp-custom-language-flag":["https:\/\/test.neoantiquestore.com\/wp-content\/uploads\/2025\/10\/51.018.114-18x12.jpg",18,12,true],"woocommerce_thumbnail":["https:\/\/test.neoantiquestore.com\/wp-content\/uploads\/2025\/10\/51.018.114-300x300.jpg",300,300,true],"woocommerce_single":["https:\/\/test.neoantiquestore.com\/wp-content\/uploads\/2025\/10\/51.018.114-600x400.jpg",600,400,true],"woocommerce_gallery_thumbnail":["https:\/\/test.neoantiquestore.com\/wp-content\/uploads\/2025\/10\/51.018.114-100x100.jpg",100,100,true]},"uagb_author_info":{"display_name":"batu kale","author_link":"https:\/\/test.neoantiquestore.com\/en\/author\/"},"uagb_comment_info":0,"uagb_excerpt":"Love Birds koleksiyonun en \u00f6zel par\u00e7alar\u0131ndan biri olan Pip Studio Love Birds kek stand\u0131 lezzetli keklere ihti\u015faml\u0131 bir g\u00f6r\u00fcn\u00fcm kat\u0131yor. L\u00fcks tasar\u0131ml\u0131 sofralarla hem kendinizi hem misafirlerinizi \u015f\u0131mart\u0131n. Yap\u0131lan tatl\u0131lar\u0131 ve kekleri daha \u00f6zel bir lezzete \u00e7eviren Pip Studio kek stand\u0131 sofralar\u0131n en \u00f6zel par\u00e7as\u0131 oluyor. Sunumlar\u0131n\u0131za kalite ve l\u00fcks\u00fc getiren Love Birds mini kek&hellip;","jetpack_sharing_enabled":true,"_links":{"self":[{"href":"https:\/\/test.neoantiquestore.com\/en\/wp-json\/wp\/v2\/product\/3003","targetHints":{"allow":["GET"]}}],"collection":[{"href":"https:\/\/test.neoantiquestore.com\/en\/wp-json\/wp\/v2\/product"}],"about":[{"href":"https:\/\/test.neoantiquestore.com\/en\/wp-json\/wp\/v2\/types\/product"}],"replies":[{"embeddable":true,"href":"https:\/\/test.neoantiquestore.com\/en\/wp-json\/wp\/v2\/comments?post=3003"}],"wp:featuredmedia":[{"embeddable":true,"href":"https:\/\/test.neoantiquestore.com\/en\/wp-json\/wp\/v2\/media\/3004"}],"wp:attachment":[{"href":"https:\/\/test.neoantiquestore.com\/en\/wp-json\/wp\/v2\/media?parent=3003"}],"wp:term":[{"taxonomy":"product_brand","embeddable":true,"href":"https:\/\/test.neoantiquestore.com\/en\/wp-json\/wp\/v2\/product_brand?post=3003"},{"taxonomy":"product_cat","embeddable":true,"href":"https:\/\/test.neoantiquestore.com\/en\/wp-json\/wp\/v2\/product_cat?post=3003"},{"taxonomy":"product_tag","embeddable":true,"href":"https:\/\/test.neoantiquestore.com\/en\/wp-json\/wp\/v2\/product_tag?post=3003"}],"curies":[{"name":"wp","href":"https:\/\/api.w.org\/{rel}","templated":true}]}}